{"id":3442,"date":"2021-05-03T13:25:36","date_gmt":"2021-05-03T13:25:36","guid":{"rendered":"https:\/\/www.dosico.com\/terms-and-conditions\/"},"modified":"2022-06-20T08:36:38","modified_gmt":"2022-06-20T08:36:38","slug":"terms-and-conditions","status":"publish","type":"page","link":"https:\/\/www.dosico.com\/en\/terms-and-conditions\/","title":{"rendered":"Terms and Conditions"},"content":{"rendered":"\n<hr class=\"wp-block-separator\"\/>\n\n<p><strong>SALES<\/strong><\/p>\n\n<hr class=\"wp-block-separator\"\/>\n\n<p>All our sales are insured by risk companies. The acceptance of the orders is conditioned by the risk subscribed with them. Our net prices, except commercial discounts, do not include VAT. The minimum net value for the acceptance of your orders for logistics and management costs is \u20ac200. Our prices do not include postage. Postage will be free of charge under the following conditions:<\/p>\n\n<ul class=\"wp-block-list\"><li>PENINSULA \u20ac350<\/li><li>BALEARIC ISLANDS \u20ac600<\/li><li>CANARY ISLANDS \u20ac1,200<\/li><\/ul>\n\n<hr class=\"wp-block-separator\"\/>\n\n<p><strong>RETURNS<\/strong><\/p>\n\n<hr class=\"wp-block-separator\"\/>\n\n<p>Returns will not be accepted, unless agreed in writing with our commercial department and provided that the following conditions are met. <strong>Lack of merchandise or merchandise in poor condition:<\/strong> It must be communicated at the time of receipt to the transport on the delivery note or to our company within a maximum period of 24 hours. Once the incidence is accepted, the postage of these returns will be paid by our company and the payment will be made in the invoice corresponding to the delivery note. <strong>Returns of merchandise for reasons beyond our company:<\/strong> &#8211; NO return of merchandise will be accepted after 15 days of billing.- NO return of merchandise in poor condition WILL BE ACCEPTED. The merchandise will suffer a depreciation in its payment of 20% for management, handling and re-packaging expenses. Payments for these returns will be deducted from the next purchase. The postage of these returns will always be paid by the customer. <\/p>\n\n<hr class=\"wp-block-separator\"\/>\n\n<p><strong>WARRANTY AND REPLACEMENT<\/strong><\/p>\n\n<hr class=\"wp-block-separator\"\/>\n\n<p>All our products are guaranteed for 2 years from receipt and acceptance by our client. Once the condition has been checked by our technicians and the guarantee has been accepted, the defect will be repaired or, if it cannot be repaired due to lack of spare parts, it will be replaced with the same or a similar product.<\/p>\n","protected":false},"excerpt":{"rendered":"<p>SALES All our sales are insured by risk companies. The acceptance of the orders is conditioned by the risk subscribed with them. Our net prices, except commercial discounts, do not include VAT. The minimum net value for the acceptance of your orders for logistics and management costs is \u20ac200. Our prices do not include postage. [&hellip;]<\/p>\n","protected":false},"author":2,"featured_media":0,"parent":0,"menu_order":0,"comment_status":"closed","ping_status":"closed","template":"","meta":{"_acf_changed":false,"_joinchat":[],"footnotes":""},"class_list":["post-3442","page","type-page","status-publish","hentry"],"acf":[],"yoast_head":"<!-- This site is optimized with the Yoast SEO plugin v27.2 - https:\/\/yoast.com\/product\/yoast-seo-wordpress\/ -->\n<title>Terms and Conditions - Dosico<\/title>\n<meta name=\"description\" content=\"En Dosico fabricamos todos nuestros dispensadores en pl\u00e1stico ABS 100% reciclado.\" \/>\n<meta name=\"robots\" content=\"index, follow, max-snippet:-1, max-image-preview:large, max-video-preview:-1\" \/>\n<link rel=\"canonical\" href=\"https:\/\/www.dosico.com\/en\/terms-and-conditions\/\" \/>\n<meta property=\"og:locale\" content=\"en_US\" \/>\n<meta property=\"og:type\" content=\"article\" \/>\n<meta property=\"og:title\" content=\"Terms and Conditions - Dosico\" \/>\n<meta property=\"og:description\" content=\"En Dosico fabricamos todos nuestros dispensadores en pl\u00e1stico ABS 100% reciclado.\" \/>\n<meta property=\"og:url\" content=\"https:\/\/www.dosico.com\/en\/terms-and-conditions\/\" \/>\n<meta property=\"og:site_name\" content=\"Dosico\" \/>\n<meta property=\"article:modified_time\" content=\"2022-06-20T08:36:38+00:00\" \/>\n<meta property=\"og:image\" content=\"https:\/\/www.dosico.com\/wp-content\/uploads\/2021\/03\/NUEVO-LOGO-_pages-to-jpg-0001-e1684412588621.jpg\" \/>\n\t<meta property=\"og:image:width\" content=\"549\" \/>\n\t<meta property=\"og:image:height\" content=\"313\" \/>\n\t<meta property=\"og:image:type\" content=\"image\/jpeg\" \/>\n<meta name=\"twitter:card\" content=\"summary_large_image\" \/>\n<meta name=\"twitter:label1\" content=\"Est. reading time\" \/>\n\t<meta name=\"twitter:data1\" content=\"1 minute\" \/>\n<script type=\"application\/ld+json\" class=\"yoast-schema-graph\">{\"@context\":\"https:\/\/schema.org\",\"@graph\":[{\"@type\":\"WebPage\",\"@id\":\"https:\/\/www.dosico.com\/en\/terms-and-conditions\/\",\"url\":\"https:\/\/www.dosico.com\/en\/terms-and-conditions\/\",\"name\":\"Terms and Conditions - Dosico\",\"isPartOf\":{\"@id\":\"https:\/\/www.dosico.com\/#website\"},\"datePublished\":\"2021-05-03T13:25:36+00:00\",\"dateModified\":\"2022-06-20T08:36:38+00:00\",\"description\":\"En Dosico fabricamos todos nuestros dispensadores en pl\u00e1stico ABS 100% reciclado.\",\"breadcrumb\":{\"@id\":\"https:\/\/www.dosico.com\/en\/terms-and-conditions\/#breadcrumb\"},\"inLanguage\":\"en-US\",\"potentialAction\":[{\"@type\":\"ReadAction\",\"target\":[\"https:\/\/www.dosico.com\/en\/terms-and-conditions\/\"]}]},{\"@type\":\"BreadcrumbList\",\"@id\":\"https:\/\/www.dosico.com\/en\/terms-and-conditions\/#breadcrumb\",\"itemListElement\":[{\"@type\":\"ListItem\",\"position\":1,\"name\":\"Portada\",\"item\":\"https:\/\/www.dosico.com\/\"},{\"@type\":\"ListItem\",\"position\":2,\"name\":\"Terms and Conditions\"}]},{\"@type\":\"WebSite\",\"@id\":\"https:\/\/www.dosico.com\/#website\",\"url\":\"https:\/\/www.dosico.com\/\",\"name\":\"Dosico\",\"description\":\"Fabricante de dispensadores de ba\u00f1o con m\u00e1s de 50 a\u00f1os en el mercado. A su servicio desde 1969.\",\"publisher\":{\"@id\":\"https:\/\/www.dosico.com\/#organization\"},\"potentialAction\":[{\"@type\":\"SearchAction\",\"target\":{\"@type\":\"EntryPoint\",\"urlTemplate\":\"https:\/\/www.dosico.com\/?s={search_term_string}\"},\"query-input\":{\"@type\":\"PropertyValueSpecification\",\"valueRequired\":true,\"valueName\":\"search_term_string\"}}],\"inLanguage\":\"en-US\"},{\"@type\":\"Organization\",\"@id\":\"https:\/\/www.dosico.com\/#organization\",\"name\":\"Dosico\",\"url\":\"https:\/\/www.dosico.com\/\",\"logo\":{\"@type\":\"ImageObject\",\"inLanguage\":\"en-US\",\"@id\":\"https:\/\/www.dosico.com\/#\/schema\/logo\/image\/\",\"url\":\"https:\/\/www.dosico.com\/wp-content\/uploads\/2021\/03\/NUEVO-LOGO-_pages-to-jpg-0001-e1684412588621.jpg\",\"contentUrl\":\"https:\/\/www.dosico.com\/wp-content\/uploads\/2021\/03\/NUEVO-LOGO-_pages-to-jpg-0001-e1684412588621.jpg\",\"width\":549,\"height\":313,\"caption\":\"Dosico\"},\"image\":{\"@id\":\"https:\/\/www.dosico.com\/#\/schema\/logo\/image\/\"},\"sameAs\":[\"https:\/\/www.instagram.com\/dosico.es\/\",\"https:\/\/www.youtube.com\/channel\/UCr_3x646VeXQDDu0vgnfK2w\",\"https:\/\/www.linkedin.com\/company\/dosico-s-l\/?viewAsMember=true\"]}]}<\/script>\n<!-- \/ Yoast SEO plugin. -->","yoast_head_json":{"title":"Terms and Conditions - Dosico","description":"En Dosico fabricamos todos nuestros dispensadores en pl\u00e1stico ABS 100% reciclado.","robots":{"index":"index","follow":"follow","max-snippet":"max-snippet:-1","max-image-preview":"max-image-preview:large","max-video-preview":"max-video-preview:-1"},"canonical":"https:\/\/www.dosico.com\/en\/terms-and-conditions\/","og_locale":"en_US","og_type":"article","og_title":"Terms and Conditions - Dosico","og_description":"En Dosico fabricamos todos nuestros dispensadores en pl\u00e1stico ABS 100% reciclado.","og_url":"https:\/\/www.dosico.com\/en\/terms-and-conditions\/","og_site_name":"Dosico","article_modified_time":"2022-06-20T08:36:38+00:00","og_image":[{"width":549,"height":313,"url":"https:\/\/www.dosico.com\/wp-content\/uploads\/2021\/03\/NUEVO-LOGO-_pages-to-jpg-0001-e1684412588621.jpg","type":"image\/jpeg"}],"twitter_card":"summary_large_image","twitter_misc":{"Est. reading time":"1 minute"},"schema":{"@context":"https:\/\/schema.org","@graph":[{"@type":"WebPage","@id":"https:\/\/www.dosico.com\/en\/terms-and-conditions\/","url":"https:\/\/www.dosico.com\/en\/terms-and-conditions\/","name":"Terms and Conditions - Dosico","isPartOf":{"@id":"https:\/\/www.dosico.com\/#website"},"datePublished":"2021-05-03T13:25:36+00:00","dateModified":"2022-06-20T08:36:38+00:00","description":"En Dosico fabricamos todos nuestros dispensadores en pl\u00e1stico ABS 100% reciclado.","breadcrumb":{"@id":"https:\/\/www.dosico.com\/en\/terms-and-conditions\/#breadcrumb"},"inLanguage":"en-US","potentialAction":[{"@type":"ReadAction","target":["https:\/\/www.dosico.com\/en\/terms-and-conditions\/"]}]},{"@type":"BreadcrumbList","@id":"https:\/\/www.dosico.com\/en\/terms-and-conditions\/#breadcrumb","itemListElement":[{"@type":"ListItem","position":1,"name":"Portada","item":"https:\/\/www.dosico.com\/"},{"@type":"ListItem","position":2,"name":"Terms and Conditions"}]},{"@type":"WebSite","@id":"https:\/\/www.dosico.com\/#website","url":"https:\/\/www.dosico.com\/","name":"Dosico","description":"Fabricante de dispensadores de ba\u00f1o con m\u00e1s de 50 a\u00f1os en el mercado. A su servicio desde 1969.","publisher":{"@id":"https:\/\/www.dosico.com\/#organization"},"potentialAction":[{"@type":"SearchAction","target":{"@type":"EntryPoint","urlTemplate":"https:\/\/www.dosico.com\/?s={search_term_string}"},"query-input":{"@type":"PropertyValueSpecification","valueRequired":true,"valueName":"search_term_string"}}],"inLanguage":"en-US"},{"@type":"Organization","@id":"https:\/\/www.dosico.com\/#organization","name":"Dosico","url":"https:\/\/www.dosico.com\/","logo":{"@type":"ImageObject","inLanguage":"en-US","@id":"https:\/\/www.dosico.com\/#\/schema\/logo\/image\/","url":"https:\/\/www.dosico.com\/wp-content\/uploads\/2021\/03\/NUEVO-LOGO-_pages-to-jpg-0001-e1684412588621.jpg","contentUrl":"https:\/\/www.dosico.com\/wp-content\/uploads\/2021\/03\/NUEVO-LOGO-_pages-to-jpg-0001-e1684412588621.jpg","width":549,"height":313,"caption":"Dosico"},"image":{"@id":"https:\/\/www.dosico.com\/#\/schema\/logo\/image\/"},"sameAs":["https:\/\/www.instagram.com\/dosico.es\/","https:\/\/www.youtube.com\/channel\/UCr_3x646VeXQDDu0vgnfK2w","https:\/\/www.linkedin.com\/company\/dosico-s-l\/?viewAsMember=true"]}]}},"_links":{"self":[{"href":"https:\/\/www.dosico.com\/en\/wp-json\/wp\/v2\/pages\/3442","targetHints":{"allow":["GET"]}}],"collection":[{"href":"https:\/\/www.dosico.com\/en\/wp-json\/wp\/v2\/pages"}],"about":[{"href":"https:\/\/www.dosico.com\/en\/wp-json\/wp\/v2\/types\/page"}],"author":[{"embeddable":true,"href":"https:\/\/www.dosico.com\/en\/wp-json\/wp\/v2\/users\/2"}],"replies":[{"embeddable":true,"href":"https:\/\/www.dosico.com\/en\/wp-json\/wp\/v2\/comments?post=3442"}],"version-history":[{"count":0,"href":"https:\/\/www.dosico.com\/en\/wp-json\/wp\/v2\/pages\/3442\/revisions"}],"wp:attachment":[{"href":"https:\/\/www.dosico.com\/en\/wp-json\/wp\/v2\/media?parent=3442"}],"curies":[{"name":"wp","href":"https:\/\/api.w.org\/{rel}","templated":true}]}}