{"id":3490,"date":"2021-05-27T10:09:20","date_gmt":"2021-05-27T10:09:20","guid":{"rendered":"https:\/\/www.dosico.com\/legal-warning\/"},"modified":"2024-04-17T08:06:40","modified_gmt":"2024-04-17T08:06:40","slug":"legal-warning","status":"publish","type":"page","link":"https:\/\/www.dosico.com\/en\/legal-warning\/","title":{"rendered":"Legal warning"},"content":{"rendered":"\t\t<div data-elementor-type=\"wp-page\" data-elementor-id=\"3490\" class=\"elementor elementor-3490 elementor-1441\" data-elementor-post-type=\"page\">\n\t\t\t\t\t\t<section class=\"elementor-section elementor-top-section elementor-element elementor-element-56cfbcc elementor-section-boxed elementor-section-height-default elementor-section-height-default\" data-id=\"56cfbcc\" data-element_type=\"section\" data-e-type=\"section\">\n\t\t\t\t\t\t<div class=\"elementor-container elementor-column-gap-default\">\n\t\t\t\t\t<div class=\"elementor-column elementor-col-100 elementor-top-column elementor-element elementor-element-823029b\" data-id=\"823029b\" data-element_type=\"column\" data-e-type=\"column\">\n\t\t\t<div class=\"elementor-widget-wrap elementor-element-populated\">\n\t\t\t\t\t\t<div class=\"elementor-element elementor-element-0905d9b elementor-widget elementor-widget-heading\" data-id=\"0905d9b\" data-element_type=\"widget\" data-e-type=\"widget\" data-widget_type=\"heading.default\">\n\t\t\t\t<div class=\"elementor-widget-container\">\n\t\t\t\t\t<p class=\"elementor-heading-title elementor-size-default\">Legal warning<\/p>\t\t\t\t<\/div>\n\t\t\t\t<\/div>\n\t\t\t\t\t<\/div>\n\t\t<\/div>\n\t\t\t\t\t<\/div>\n\t\t<\/section>\n\t\t\t\t<section class=\"elementor-section elementor-top-section elementor-element elementor-element-5c0315b7 elementor-section-boxed elementor-section-height-default elementor-section-height-default\" data-id=\"5c0315b7\" data-element_type=\"section\" data-e-type=\"section\">\n\t\t\t\t\t\t<div class=\"elementor-container elementor-column-gap-default\">\n\t\t\t\t\t<div class=\"elementor-column elementor-col-100 elementor-top-column elementor-element elementor-element-767b8f8f\" data-id=\"767b8f8f\" data-element_type=\"column\" data-e-type=\"column\">\n\t\t\t<div class=\"elementor-widget-wrap elementor-element-populated\">\n\t\t\t\t\t\t<div class=\"elementor-element elementor-element-2dff4101 elementor-widget elementor-widget-text-editor\" data-id=\"2dff4101\" data-element_type=\"widget\" data-e-type=\"widget\" data-widget_type=\"text-editor.default\">\n\t\t\t\t<div class=\"elementor-widget-container\">\n\t\t\t\t\t\t\t\t\t<p><span data-contrast=\"none\">This Legal Notice is intended to inform you of your rights and obligations as a user of this website. Here you will find all the information you need about this website, its activity, the personal data it collects and its purpose, as well as the rules of use that regulate the use of this website.<\/span><span data-ccp-props=\"{\"201341983\":0,\"335559739\":360,\"335559740\":276}\"> <\/span><\/p>\n<\/p>\n<p><span data-contrast=\"none\">At the time you access this website<\/span> <span style=\"color: #92c83c;\"><strong>https:\/\/www.dosico.com<\/strong><\/span> <b><span data-contrast=\"auto\">,<\/span><\/b><span data-contrast=\"none\"> You assume the condition of user, so the content of this Legal Notice affects you directly. Therefore, it is important that you read it to dispel any doubts you may have and be aware of the conditions you are accepting. <\/span><span data-ccp-props=\"{\"201341983\":0,\"335559739\":360,\"335559740\":276}\"> <\/span><\/p>\n<\/p>\n<p><span data-contrast=\"none\">To begin with, you should know that this website complies with current regulations on data protection, with the aim of providing the guarantees, security and transparency that, as a user, correspond to you when using this website.<\/span><span data-ccp-props=\"{\"201341983\":0,\"335559739\":360,\"335559740\":276}\"> <\/span><\/p>\n<\/p>\n<p><span data-contrast=\"none\">The <\/span><b><span data-contrast=\"auto\">GDPR <\/span><\/b><span data-contrast=\"none\">(<\/span><b><span data-contrast=\"auto\">Regulation (EU) 2016\/679 of the European Parliament and of the Council of April 27, 2016 on the protection of natural persons<\/span><\/b><span data-contrast=\"none\">) which is the new regulation of the European Union that unifies the regulation of the processing of personal data in the different countries of the EU.<\/span><span data-ccp-props=\"{\"201341983\":0,\"335559739\":360,\"335559740\":276}\"> <\/span><\/p>\n<\/p>\n<p><span data-contrast=\"none\">The <\/span><b><span data-contrast=\"auto\">LOPD<\/span><\/b><span data-contrast=\"none\">  (<\/span><b><span data-contrast=\"auto\">Organic Law 15\/1999, of December 13, on the Protection of Personal Data<\/span><\/b><span data-contrast=\"none\"> Y <\/span><b><span data-contrast=\"auto\">Royal Decree 1720\/2007, of December 21, the Development Regulation of the LOPD<\/span><\/b><span data-contrast=\"none\">) that regulates the processing of personal data and the obligations that those responsible for a website or blog must assume when managing this information.<\/span><span data-ccp-props=\"{\"201341983\":0,\"335559739\":360,\"335559740\":276}\"> <\/span><\/p>\n<\/p>\n<p><span data-contrast=\"none\">The<\/span> <b><span data-contrast=\"auto\">LSSI<\/span><\/b> <span data-contrast=\"none\">(<\/span> <b><span data-contrast=\"auto\">Law 34\/2002, of July 11, on Services of the Information Society and Electronic Commerce<\/span><\/b> <span data-contrast=\"none\">) that regulates economic transactions through electronic means, as is the case of this blog.<\/span><span data-ccp-props=\"{\"201341983\":0,\"335559739\":360,\"335559740\":276}\"> <\/span><\/p>\n<\/p>\n<h5><span style=\"color: #92c83c;\"><strong>IDENTIFICATION DATA <\/strong><\/span><\/h5>\n<p><span data-contrast=\"none\">The person in charge and owner of this website is<\/span> <span data-contrast=\"auto\"><strong>DOSIFICADORES AUTOMATICOS<\/strong><\/span><strong> <\/strong><\/p>\n<ul>\n<li data-leveltext=\"\u25cf\" data-font=\"Arial\" data-listid=\"1\" aria-setsize=\"-1\" data-aria-posinset=\"1\" data-aria-level=\"1\"><span data-contrast=\"auto\">Name:<\/span><span data-contrast=\"none\"> <\/span><span data-contrast=\"auto\">automatic dispensers<\/span> <span data-ccp-props=\"{\"201341983\":0,\"335559740\":276}\"> <\/span><\/li>\n<\/ul>\n<ul>\n<li data-leveltext=\"\u25cf\" data-font=\"Arial\" data-listid=\"1\" aria-setsize=\"-1\" data-aria-posinset=\"1\" data-aria-level=\"1\"><span data-contrast=\"auto\">NIF:B08247652<\/span><span data-ccp-props=\"{\"201341983\":0,\"335559740\":276}\"> <\/span><\/li>\n<li data-leveltext=\"\u25cf\" data-font=\"Arial\" data-listid=\"1\" aria-setsize=\"-1\" data-aria-posinset=\"2\" data-aria-level=\"1\"><span data-contrast=\"auto\">Registered Office: Narcis Monturiol 2 Sant Esteve Sesrovires 08635 Barcelona <\/span><span data-ccp-props=\"{\"201341983\":0,\"335559740\":276}\"> <\/span><\/li>\n<li data-leveltext=\"\u25cf\" data-font=\"Arial\" data-listid=\"1\" aria-setsize=\"-1\" data-aria-posinset=\"3\" data-aria-level=\"1\"><span data-contrast=\"auto\">Website activity: information on the activity of the company of Dosico bathroom dispensers <\/span><span data-ccp-props=\"{\"201341983\":0,\"335559740\":276}\"> <\/span><\/li>\n<li data-leveltext=\"\u25cf\" data-font=\"Arial\" data-listid=\"1\" aria-setsize=\"-1\" data-aria-posinset=\"4\" data-aria-level=\"1\"><span data-contrast=\"auto\">Email: dasa@dosico.com<\/span><span data-ccp-props=\"{\"201341983\":0,\"335559739\":360,\"335559740\":276}\"> <\/span><\/li>\n<\/ul>\n<p><span data-contrast=\"none\">The data that you provide us with your consent, and in accordance with the use established in our Privacy Policy, will be incorporated into an automated file duly registered with the Spanish Agency for Data Protection, in which the person responsible for said file is: <\/span><b><span data-contrast=\"auto\">DOSE <\/span><\/b><span data-contrast=\"none\">This means that your data is safe, according to what the law establishes.<\/span><span data-ccp-props=\"{\"201341983\":0,\"335559739\":360,\"335559740\":276}\"> <\/span><\/p>\n<h5> <\/h5>\n<h5><strong><span style=\"color: #92c83c;\">RULES OF ACCESS TO THE WEBSITE <\/span><\/strong><\/h5>\n<p><span data-contrast=\"none\">As a user of our website, you also have a series of obligations:<\/span><span data-ccp-props=\"{\"201341983\":0,\"335559739\":360,\"335559740\":276}\"> <\/span><\/p>\n<\/p>\n<p><span data-contrast=\"none\">You may not use this website to carry out activities contrary to law, morality, public order and, in general, to make use of it in accordance with the conditions established in this Legal Notice.<\/span><span data-ccp-props=\"{\"201341983\":0,\"335559739\":360,\"335559740\":276}\"> <\/span><\/p>\n<\/p>\n<p><span data-contrast=\"none\">You will not be able to carry out advertising or commercial exploitation activities by sending messages using a false identity.<\/span><span data-ccp-props=\"{\"201341983\":0,\"335559739\":360,\"335559740\":276}\"> <\/span><\/p>\n<p><span data-contrast=\"none\">You will be solely responsible for the veracity and accuracy of the content you enter on this website and the personal data you provide us with for the purposes set forth in our Privacy Policy.<\/span><span data-ccp-props=\"{\"201341983\":0,\"335559739\":360,\"335559740\":276}\"> <\/span><\/p>\n<\/p>\n<p><span data-contrast=\"none\">You will also be solely responsible for carrying out any type of illegal action, harmful to rights, harmful and\/or harmful on third-party sites to which we may refer you from this website for the development of our activity.<\/span><span data-ccp-props=\"{\"201341983\":0,\"335559739\":360,\"335559740\":276}\"> <\/span><\/p>\n<\/p>\n<p><span data-contrast=\"none\">As responsible for the website,<\/span> <b><span data-contrast=\"auto\">DOSICO<\/span><\/b><span data-contrast=\"none\"> may interrupt the service of the page that is being used by the user and immediately resolve the relationship if it detects a use of the web or any of the services offered therein that may be considered contrary to what is expressed in this Legal warning.<\/span><span data-ccp-props=\"{\"201341983\":0,\"335559739\":360,\"335559740\":276}\"> <\/span><\/p>\n<\/p>\n<h5><strong><span style=\"color: #92c83c;\">INTELLECTUAL AND INDUSTRIAL PROPERTY <\/span><\/strong><\/h5>\n<p><span data-contrast=\"none\">The entirety of this website (text, images, trademarks, graphics, logos, buttons, software files, color combinations, as well as the structure, selection, arrangement and presentation of its contents) is protected by current laws on Property Intellectual and Industrial, being prohibited its reproduction, distribution, public communication and transformation, except for personal and private use.<\/span><span data-ccp-props=\"{\"201341983\":0,\"335559739\":360,\"335559740\":276}\"> <\/span><\/p>\n<\/p>\n<p><span data-contrast=\"none\">As the owner of this website,<\/span> <b><span data-contrast=\"auto\">DOSICO<\/span><\/b> <span data-contrast=\"none\">does not guarantee that the contents are accurate or error-free or that the free use of the same by users does not infringe the rights of third parties. The good or bad use of this page and its contents is the responsibility of the user.<\/span><span data-ccp-props=\"{\"201341983\":0,\"335559739\":360,\"335559740\":276}\"> <\/span><\/p>\n<\/p>\n<p><span data-contrast=\"none\">Likewise, the reproduction, retransmission, copying, transfer or retransmission, in whole or in part, of the information contained on the page, whatever its purpose and the means used for it, without prior authorization from<\/span> <b><span data-contrast=\"auto\">DOSICO is prohibited.<\/span><\/b><span data-ccp-props=\"{\"201341983\":0,\"335559739\":360,\"335559740\":276}\"> <\/span><\/p>\n<h5> <\/h5>\n<h5><span style=\"color: #92c83c;\"><strong>LINKS OR LINKS <\/strong><\/span><\/h5>\n<p><span data-contrast=\"none\">This website includes links or links to third party sites. The pages belonging to these third parties have not been reviewed or are subject to control by us, so <\/span><b><span data-contrast=\"auto\">DOSICO<\/span><\/b> <span data-contrast=\"none\">cannot be held responsible for the contents of these websites, nor for the measures adopted in relation to your privacy or the processing of your personal data or others that may arise.<\/span><span data-ccp-props=\"{\"201341983\":0,\"335559739\":360,\"335559740\":276}\"> <\/span><\/p>\n<p><span data-contrast=\"none\">For all these reasons, we recommend that you carefully read the conditions of use, privacy policy, legal notices and\/or similar of these sites.<\/span><span data-ccp-props=\"{\"201341983\":0,\"335559739\":360,\"335559740\":276}\"> <\/span><\/p>\n<h5> <\/h5>\n<h5><span style=\"color: #92c83c;\"><strong>LIMITATION OF LIABILITY <\/strong><\/span><\/h5>\n<p><span data-contrast=\"none\">In exercising your right as owner of this website, we inform you that<\/span> <b><span data-contrast=\"auto\">DOSICO<\/span><\/b> <span data-contrast=\"none\">is not responsible in any case for the following:<\/span><span data-ccp-props=\"{\"201341983\":0,\"335559739\":360,\"335559740\":276}\"> <\/span><\/p>\n<p><span data-contrast=\"none\">The quality of the service, the speed of access, the correct operation or the availability or continuity of operation of the page.<\/span><span data-ccp-props=\"{\"201341983\":0,\"335559739\":360,\"335559740\":276}\"> <\/span><\/p>\n<p><span data-contrast=\"none\">The existence of viruses, malware, malicious or harmful programs in the content.<\/span><span data-ccp-props=\"{\"201341983\":0,\"335559739\":360,\"335559740\":276}\"> <\/span><\/p>\n<p><span data-contrast=\"none\">The illicit, negligent, fraudulent use or contrary to this Legal Notice.<\/span><span data-ccp-props=\"{\"201341983\":0,\"335559739\":360,\"335559740\":276}\"> <\/span><\/p>\n<p><span data-contrast=\"none\">The lack of legality, quality, reliability, usefulness and availability of the services provided by third parties and made available to users on this website.<\/span><span data-ccp-props=\"{\"201341983\":0,\"335559739\":360,\"335559740\":276}\"> <\/span><\/p>\n<p><span data-contrast=\"none\">Of the damages that could come from the illegal or improper use of this blog.<\/span><span data-ccp-props=\"{\"201341983\":0,\"335559739\":360,\"335559740\":276}\"> <\/span><\/p>\n<h5> <\/h5>\n<h5><span style=\"color: #92c83c;\"><strong>PRIVACY POLICY AND DATA PROTECTION <\/strong><\/span><\/h5>\n<p><span data-contrast=\"none\">This website complies with current regulations on data protection, which means that, as a user, you must give your express consent before providing us with personal data through the different forms made available in the sections of our page.<\/span><span data-ccp-props=\"{\"201341983\":0,\"335559739\":360,\"335559740\":276}\"> <\/span><\/p>\n<\/p>\n<p><span data-contrast=\"none\">To do this, for the sake of transparency and the exercise of your right, our duty is to inform you about the personal data that we collect, store and process and for what purposes, having the possibility of freely revoking your consent at any time.<\/span><span data-ccp-props=\"{\"201341983\":0,\"335559739\":360,\"335559740\":276}\"> <\/span><\/p>\n<p><span data-contrast=\"none\">All this information can be found in our <\/span><span style=\"color: #92c83c;\"><br \/>\n  <a style=\"color: #92c83c;\" href=\"https:\/\/www.dosico.com\/en\/privacy-policy\/\"><b>Privacy Policy.<\/b> <\/a><br \/>\n<\/span> <\/p>\n<\/p>\n<h5><strong><span style=\"color: #92c83c;\">COOKIES POLICY <\/span><\/strong><\/h5>\n<p><span data-contrast=\"none\">As we inform you as soon as you access our website, this site uses its own and third-party cookies in order to provide you with the best user experience and develop our activity.<\/span><span data-ccp-props=\"{\"201341983\":0,\"335559739\":360,\"335559740\":276}\"> <\/span><\/p>\n<p><span data-contrast=\"none\">At any time, you will have the option to configure your browser to reject the use of these cookies that, in some cases, will affect your user experience.<\/span><span data-ccp-props=\"{\"201341983\":0,\"335559739\":360,\"335559740\":276}\"> <\/span><\/p>\n<\/p>\n<p><span data-contrast=\"none\">To access complete information about the use of cookies on this website, their purpose and their rejection, you can consult our <\/span><span style=\"color: #92c83c;\"><br \/>\n  <a style=\"color: #92c83c;\" href=\"https:\/\/www.dosico.com\/en\/cookies-policy\/\"><b>Cookies policy<\/b>. <\/a><br \/>\n<\/span> <\/p>\n<\/p>\n<h5><span style=\"color: #92c83c;\"><strong>APPLICABLE LAW AND COMPETENT JURISDICTION  <\/strong><\/span><\/h5>\n<p><span data-contrast=\"none\">This Legal Notice is subject to current Spanish legislation.<\/span><\/p>\n<p><span data-ccp-props=\"{\"201341983\":0,\"335559739\":360,\"335559740\":276}\"> <\/span><\/p>\n<p><span data-contrast=\"none\">If necessary, in the event of any type of legal dispute,<\/span> <b><span data-contrast=\"auto\">DOSICO<\/span><\/b> <span data-contrast=\"none\">and the user, expressly waiving any other jurisdiction, will submit to the Courts and Tribunals of the User&#8217;s domicile for any dispute that may arise.<\/span><span data-ccp-props=\"{\"201341983\":0,\"335559739\":360,\"335559740\":276}\"> <\/span><\/p>\n<\/p>\n<p><span data-contrast=\"none\">In the event that the user is domiciled outside of Spain,<\/span> <b><span data-contrast=\"auto\">DOSICO<\/span><\/b> <span data-contrast=\"none\">and the user will submit, expressly waiving any other jurisdiction, to the courts and tribunals of Barcelona (Spain).<\/span><span data-ccp-props=\"{\"201341983\":0,\"335559739\":360,\"335559740\":276}\"> <\/span><\/p>\n<\/p>\n<p><span data-contrast=\"none\">If you have any questions about this Legal Notice, you can send us an email to<\/span> <span style=\"color: #92c83c;\"><strong>dasa@dosico.com<\/strong><\/span> <\/p>\n<p><span data-ccp-props=\"{\"201341983\":0,\"335559740\":276}\"> <\/span><\/p>\n\t\t\t\t\t\t\t\t<\/div>\n\t\t\t\t<\/div>\n\t\t\t\t\t<\/div>\n\t\t<\/div>\n\t\t\t\t\t<\/div>\n\t\t<\/section>\n\t\t\t\t<\/div>\n\t\t","protected":false},"excerpt":{"rendered":"<p>Legal warning This Legal Notice is intended to inform you of your rights and obligations as a user of this website. Here you will find all the information you need about this website, its activity, the personal data it collects and its purpose, as well as the rules of use that regulate the use of [&hellip;]<\/p>\n","protected":false},"author":2,"featured_media":0,"parent":0,"menu_order":0,"comment_status":"closed","ping_status":"closed","template":"elementor_header_footer","meta":{"_acf_changed":false,"_joinchat":[],"footnotes":""},"class_list":["post-3490","page","type-page","status-publish","hentry"],"acf":[],"yoast_head":"<!-- This site is optimized with the Yoast SEO plugin v27.2 - https:\/\/yoast.com\/product\/yoast-seo-wordpress\/ -->\n<title>Legal warning - Dosico<\/title>\n<meta name=\"description\" content=\"En Dosico fabricamos todos nuestros dispensadores en pl\u00e1stico ABS 100% reciclado.\" \/>\n<meta name=\"robots\" content=\"index, follow, max-snippet:-1, max-image-preview:large, max-video-preview:-1\" \/>\n<link rel=\"canonical\" href=\"https:\/\/www.dosico.com\/aviso-legal\/\" \/>\n<meta property=\"og:locale\" content=\"en_US\" \/>\n<meta property=\"og:type\" content=\"article\" \/>\n<meta property=\"og:title\" content=\"Legal warning - Dosico\" \/>\n<meta property=\"og:description\" content=\"En Dosico fabricamos todos nuestros dispensadores en pl\u00e1stico ABS 100% reciclado.\" \/>\n<meta property=\"og:url\" content=\"https:\/\/www.dosico.com\/aviso-legal\/\" \/>\n<meta property=\"og:site_name\" content=\"Dosico\" \/>\n<meta property=\"article:modified_time\" content=\"2024-04-17T08:06:40+00:00\" \/>\n<meta property=\"og:image\" content=\"https:\/\/www.dosico.com\/wp-content\/uploads\/2021\/03\/NUEVO-LOGO-_pages-to-jpg-0001-e1684412588621.jpg\" \/>\n\t<meta property=\"og:image:width\" content=\"549\" \/>\n\t<meta property=\"og:image:height\" content=\"313\" \/>\n\t<meta property=\"og:image:type\" content=\"image\/jpeg\" \/>\n<meta name=\"twitter:card\" content=\"summary_large_image\" \/>\n<meta name=\"twitter:label1\" content=\"Est. reading time\" \/>\n\t<meta name=\"twitter:data1\" content=\"6 minutes\" \/>\n<script type=\"application\/ld+json\" class=\"yoast-schema-graph\">{\"@context\":\"https:\/\/schema.org\",\"@graph\":[{\"@type\":\"WebPage\",\"@id\":\"https:\/\/www.dosico.com\/aviso-legal\/\",\"url\":\"https:\/\/www.dosico.com\/aviso-legal\/\",\"name\":\"Legal warning - Dosico\",\"isPartOf\":{\"@id\":\"https:\/\/www.dosico.com\/#website\"},\"datePublished\":\"2021-05-27T10:09:20+00:00\",\"dateModified\":\"2024-04-17T08:06:40+00:00\",\"description\":\"En Dosico fabricamos todos nuestros dispensadores en pl\u00e1stico ABS 100% reciclado.\",\"breadcrumb\":{\"@id\":\"https:\/\/www.dosico.com\/aviso-legal\/#breadcrumb\"},\"inLanguage\":\"en-US\",\"potentialAction\":[{\"@type\":\"ReadAction\",\"target\":[\"https:\/\/www.dosico.com\/aviso-legal\/\"]}]},{\"@type\":\"BreadcrumbList\",\"@id\":\"https:\/\/www.dosico.com\/aviso-legal\/#breadcrumb\",\"itemListElement\":[{\"@type\":\"ListItem\",\"position\":1,\"name\":\"Portada\",\"item\":\"https:\/\/www.dosico.com\/\"},{\"@type\":\"ListItem\",\"position\":2,\"name\":\"Legal warning\"}]},{\"@type\":\"WebSite\",\"@id\":\"https:\/\/www.dosico.com\/#website\",\"url\":\"https:\/\/www.dosico.com\/\",\"name\":\"Dosico\",\"description\":\"Fabricante de dispensadores de ba\u00f1o con m\u00e1s de 50 a\u00f1os en el mercado. A su servicio desde 1969.\",\"publisher\":{\"@id\":\"https:\/\/www.dosico.com\/#organization\"},\"potentialAction\":[{\"@type\":\"SearchAction\",\"target\":{\"@type\":\"EntryPoint\",\"urlTemplate\":\"https:\/\/www.dosico.com\/?s={search_term_string}\"},\"query-input\":{\"@type\":\"PropertyValueSpecification\",\"valueRequired\":true,\"valueName\":\"search_term_string\"}}],\"inLanguage\":\"en-US\"},{\"@type\":\"Organization\",\"@id\":\"https:\/\/www.dosico.com\/#organization\",\"name\":\"Dosico\",\"url\":\"https:\/\/www.dosico.com\/\",\"logo\":{\"@type\":\"ImageObject\",\"inLanguage\":\"en-US\",\"@id\":\"https:\/\/www.dosico.com\/#\/schema\/logo\/image\/\",\"url\":\"https:\/\/www.dosico.com\/wp-content\/uploads\/2021\/03\/NUEVO-LOGO-_pages-to-jpg-0001-e1684412588621.jpg\",\"contentUrl\":\"https:\/\/www.dosico.com\/wp-content\/uploads\/2021\/03\/NUEVO-LOGO-_pages-to-jpg-0001-e1684412588621.jpg\",\"width\":549,\"height\":313,\"caption\":\"Dosico\"},\"image\":{\"@id\":\"https:\/\/www.dosico.com\/#\/schema\/logo\/image\/\"},\"sameAs\":[\"https:\/\/www.instagram.com\/dosico.es\/\",\"https:\/\/www.youtube.com\/channel\/UCr_3x646VeXQDDu0vgnfK2w\",\"https:\/\/www.linkedin.com\/company\/dosico-s-l\/?viewAsMember=true\"]}]}<\/script>\n<!-- \/ Yoast SEO plugin. -->","yoast_head_json":{"title":"Legal warning - Dosico","description":"En Dosico fabricamos todos nuestros dispensadores en pl\u00e1stico ABS 100% reciclado.","robots":{"index":"index","follow":"follow","max-snippet":"max-snippet:-1","max-image-preview":"max-image-preview:large","max-video-preview":"max-video-preview:-1"},"canonical":"https:\/\/www.dosico.com\/aviso-legal\/","og_locale":"en_US","og_type":"article","og_title":"Legal warning - Dosico","og_description":"En Dosico fabricamos todos nuestros dispensadores en pl\u00e1stico ABS 100% reciclado.","og_url":"https:\/\/www.dosico.com\/aviso-legal\/","og_site_name":"Dosico","article_modified_time":"2024-04-17T08:06:40+00:00","og_image":[{"width":549,"height":313,"url":"https:\/\/www.dosico.com\/wp-content\/uploads\/2021\/03\/NUEVO-LOGO-_pages-to-jpg-0001-e1684412588621.jpg","type":"image\/jpeg"}],"twitter_card":"summary_large_image","twitter_misc":{"Est. reading time":"6 minutes"},"schema":{"@context":"https:\/\/schema.org","@graph":[{"@type":"WebPage","@id":"https:\/\/www.dosico.com\/aviso-legal\/","url":"https:\/\/www.dosico.com\/aviso-legal\/","name":"Legal warning - Dosico","isPartOf":{"@id":"https:\/\/www.dosico.com\/#website"},"datePublished":"2021-05-27T10:09:20+00:00","dateModified":"2024-04-17T08:06:40+00:00","description":"En Dosico fabricamos todos nuestros dispensadores en pl\u00e1stico ABS 100% reciclado.","breadcrumb":{"@id":"https:\/\/www.dosico.com\/aviso-legal\/#breadcrumb"},"inLanguage":"en-US","potentialAction":[{"@type":"ReadAction","target":["https:\/\/www.dosico.com\/aviso-legal\/"]}]},{"@type":"BreadcrumbList","@id":"https:\/\/www.dosico.com\/aviso-legal\/#breadcrumb","itemListElement":[{"@type":"ListItem","position":1,"name":"Portada","item":"https:\/\/www.dosico.com\/"},{"@type":"ListItem","position":2,"name":"Legal warning"}]},{"@type":"WebSite","@id":"https:\/\/www.dosico.com\/#website","url":"https:\/\/www.dosico.com\/","name":"Dosico","description":"Fabricante de dispensadores de ba\u00f1o con m\u00e1s de 50 a\u00f1os en el mercado. A su servicio desde 1969.","publisher":{"@id":"https:\/\/www.dosico.com\/#organization"},"potentialAction":[{"@type":"SearchAction","target":{"@type":"EntryPoint","urlTemplate":"https:\/\/www.dosico.com\/?s={search_term_string}"},"query-input":{"@type":"PropertyValueSpecification","valueRequired":true,"valueName":"search_term_string"}}],"inLanguage":"en-US"},{"@type":"Organization","@id":"https:\/\/www.dosico.com\/#organization","name":"Dosico","url":"https:\/\/www.dosico.com\/","logo":{"@type":"ImageObject","inLanguage":"en-US","@id":"https:\/\/www.dosico.com\/#\/schema\/logo\/image\/","url":"https:\/\/www.dosico.com\/wp-content\/uploads\/2021\/03\/NUEVO-LOGO-_pages-to-jpg-0001-e1684412588621.jpg","contentUrl":"https:\/\/www.dosico.com\/wp-content\/uploads\/2021\/03\/NUEVO-LOGO-_pages-to-jpg-0001-e1684412588621.jpg","width":549,"height":313,"caption":"Dosico"},"image":{"@id":"https:\/\/www.dosico.com\/#\/schema\/logo\/image\/"},"sameAs":["https:\/\/www.instagram.com\/dosico.es\/","https:\/\/www.youtube.com\/channel\/UCr_3x646VeXQDDu0vgnfK2w","https:\/\/www.linkedin.com\/company\/dosico-s-l\/?viewAsMember=true"]}]}},"_links":{"self":[{"href":"https:\/\/www.dosico.com\/en\/wp-json\/wp\/v2\/pages\/3490","targetHints":{"allow":["GET"]}}],"collection":[{"href":"https:\/\/www.dosico.com\/en\/wp-json\/wp\/v2\/pages"}],"about":[{"href":"https:\/\/www.dosico.com\/en\/wp-json\/wp\/v2\/types\/page"}],"author":[{"embeddable":true,"href":"https:\/\/www.dosico.com\/en\/wp-json\/wp\/v2\/users\/2"}],"replies":[{"embeddable":true,"href":"https:\/\/www.dosico.com\/en\/wp-json\/wp\/v2\/comments?post=3490"}],"version-history":[{"count":0,"href":"https:\/\/www.dosico.com\/en\/wp-json\/wp\/v2\/pages\/3490\/revisions"}],"wp:attachment":[{"href":"https:\/\/www.dosico.com\/en\/wp-json\/wp\/v2\/media?parent=3490"}],"curies":[{"name":"wp","href":"https:\/\/api.w.org\/{rel}","templated":true}]}}