{"id":3551,"date":"2021-04-12T22:22:10","date_gmt":"2021-04-12T22:22:10","guid":{"rendered":"https:\/\/www.dosico.com\/producto\/ares-black-velvet-hand-dryer-dispenser-mecha-reference-mp4100\/"},"modified":"2024-05-27T15:01:31","modified_gmt":"2024-05-27T15:01:31","slug":"ares-black-velvet-hand-dryer-dispenser-wick","status":"publish","type":"product","link":"https:\/\/www.dosico.com\/en\/producto\/ares-black-velvet-hand-dryer-dispenser-wick\/","title":{"rendered":"ARES BLACK VELVET HAND DRYER WICK DISPENSER"},"content":{"rendered":"<p>Mecha Hand Dryer Paper Dispenser, made of 100% recyclable ABS plastic and with a polycarbonate visor.<\/p>\n<p>Thanks to its composition, this product is resistant to impacts and temperature changes. Paper is dispensed from the bottom and paper loading is quick and easy. Its capacity is \u00d819 CM.<\/p>\n<p>The Mecha Hand Towel Dispenser is part of the Ares range of dispensers, which thanks to its versatile and innovative design, becomes a perfect element to equip any space, creating a warm, personal and avant-garde atmosphere.<\/p>\n<p>*Visor available in different colors.<br \/>\n<strong>Black Velvet finish. <\/strong><\/p>\n","protected":false},"excerpt":{"rendered":"<p>Reference: MP4100<\/p>\n","protected":false},"featured_media":3123,"comment_status":"open","ping_status":"closed","template":"","meta":{"_acf_changed":false,"_joinchat":[]},"product_brand":[],"product_cat":[106],"product_tag":[],"class_list":{"0":"post-3551","1":"product","2":"type-product","3":"status-publish","4":"has-post-thumbnail","6":"product_cat-ares-black-velvet-matte-finish","8":"first","9":"instock","10":"shipping-taxable","11":"product-type-simple"},"acf":[],"yoast_head":"<!-- This site is optimized with the Yoast SEO plugin v27.2 - https:\/\/yoast.com\/product\/yoast-seo-wordpress\/ -->\n<title>ARES BLACK VELVET HAND DRYER WICK DISPENSER - Dosico<\/title>\n<meta name=\"description\" content=\"En Dosico fabricamos todos nuestros dispensadores en pl\u00e1stico ABS 100% reciclado.\" \/>\n<meta name=\"robots\" content=\"index, follow, max-snippet:-1, max-image-preview:large, max-video-preview:-1\" \/>\n<link rel=\"canonical\" href=\"https:\/\/www.dosico.com\/en\/producto\/ares-black-velvet-hand-dryer-dispenser-wick\/\" \/>\n<meta property=\"og:locale\" content=\"en_US\" \/>\n<meta property=\"og:type\" content=\"article\" \/>\n<meta property=\"og:title\" content=\"ARES BLACK VELVET HAND DRYER WICK DISPENSER - Dosico\" \/>\n<meta property=\"og:description\" content=\"En Dosico fabricamos todos nuestros dispensadores en pl\u00e1stico ABS 100% reciclado.\" \/>\n<meta property=\"og:url\" content=\"https:\/\/www.dosico.com\/en\/producto\/ares-black-velvet-hand-dryer-dispenser-wick\/\" \/>\n<meta property=\"og:site_name\" content=\"Dosico\" \/>\n<meta property=\"article:modified_time\" content=\"2024-05-27T15:01:31+00:00\" \/>\n<meta property=\"og:image\" content=\"https:\/\/www.dosico.com\/wp-content\/uploads\/2021\/04\/MP4100-D.jpg\" \/>\n\t<meta property=\"og:image:width\" content=\"324\" \/>\n\t<meta property=\"og:image:height\" content=\"324\" \/>\n\t<meta property=\"og:image:type\" content=\"image\/jpeg\" \/>\n<meta name=\"twitter:card\" content=\"summary_large_image\" \/>\n<script type=\"application\/ld+json\" class=\"yoast-schema-graph\">{\"@context\":\"https:\/\/schema.org\",\"@graph\":[{\"@type\":\"WebPage\",\"@id\":\"https:\/\/www.dosico.com\/en\/producto\/ares-black-velvet-hand-dryer-dispenser-wick\/\",\"url\":\"https:\/\/www.dosico.com\/en\/producto\/ares-black-velvet-hand-dryer-dispenser-wick\/\",\"name\":\"ARES BLACK VELVET HAND DRYER WICK DISPENSER - Dosico\",\"isPartOf\":{\"@id\":\"https:\/\/www.dosico.com\/#website\"},\"primaryImageOfPage\":{\"@id\":\"https:\/\/www.dosico.com\/en\/producto\/ares-black-velvet-hand-dryer-dispenser-wick\/#primaryimage\"},\"image\":{\"@id\":\"https:\/\/www.dosico.com\/en\/producto\/ares-black-velvet-hand-dryer-dispenser-wick\/#primaryimage\"},\"thumbnailUrl\":\"https:\/\/www.dosico.com\/wp-content\/uploads\/2021\/04\/MP4100-D.jpg\",\"datePublished\":\"2021-04-12T22:22:10+00:00\",\"dateModified\":\"2024-05-27T15:01:31+00:00\",\"description\":\"En Dosico fabricamos todos nuestros dispensadores en pl\u00e1stico ABS 100% reciclado.\",\"breadcrumb\":{\"@id\":\"https:\/\/www.dosico.com\/en\/producto\/ares-black-velvet-hand-dryer-dispenser-wick\/#breadcrumb\"},\"inLanguage\":\"en-US\",\"potentialAction\":[{\"@type\":\"ReadAction\",\"target\":[\"https:\/\/www.dosico.com\/en\/producto\/ares-black-velvet-hand-dryer-dispenser-wick\/\"]}]},{\"@type\":\"ImageObject\",\"inLanguage\":\"en-US\",\"@id\":\"https:\/\/www.dosico.com\/en\/producto\/ares-black-velvet-hand-dryer-dispenser-wick\/#primaryimage\",\"url\":\"https:\/\/www.dosico.com\/wp-content\/uploads\/2021\/04\/MP4100-D.jpg\",\"contentUrl\":\"https:\/\/www.dosico.com\/wp-content\/uploads\/2021\/04\/MP4100-D.jpg\",\"width\":324,\"height\":324},{\"@type\":\"BreadcrumbList\",\"@id\":\"https:\/\/www.dosico.com\/en\/producto\/ares-black-velvet-hand-dryer-dispenser-wick\/#breadcrumb\",\"itemListElement\":[{\"@type\":\"ListItem\",\"position\":1,\"name\":\"Portada\",\"item\":\"https:\/\/www.dosico.com\/\"},{\"@type\":\"ListItem\",\"position\":2,\"name\":\"Productos\",\"item\":\"https:\/\/www.dosico.com\/productos-2\/\"},{\"@type\":\"ListItem\",\"position\":3,\"name\":\"ARES BLACK VELVET HAND DRYER WICK DISPENSER\"}]},{\"@type\":\"WebSite\",\"@id\":\"https:\/\/www.dosico.com\/#website\",\"url\":\"https:\/\/www.dosico.com\/\",\"name\":\"Dosico\",\"description\":\"Fabricante de dispensadores de ba\u00f1o con m\u00e1s de 50 a\u00f1os en el mercado. A su servicio desde 1969.\",\"publisher\":{\"@id\":\"https:\/\/www.dosico.com\/#organization\"},\"potentialAction\":[{\"@type\":\"SearchAction\",\"target\":{\"@type\":\"EntryPoint\",\"urlTemplate\":\"https:\/\/www.dosico.com\/?s={search_term_string}\"},\"query-input\":{\"@type\":\"PropertyValueSpecification\",\"valueRequired\":true,\"valueName\":\"search_term_string\"}}],\"inLanguage\":\"en-US\"},{\"@type\":\"Organization\",\"@id\":\"https:\/\/www.dosico.com\/#organization\",\"name\":\"Dosico\",\"url\":\"https:\/\/www.dosico.com\/\",\"logo\":{\"@type\":\"ImageObject\",\"inLanguage\":\"en-US\",\"@id\":\"https:\/\/www.dosico.com\/#\/schema\/logo\/image\/\",\"url\":\"https:\/\/www.dosico.com\/wp-content\/uploads\/2021\/03\/NUEVO-LOGO-_pages-to-jpg-0001-e1684412588621.jpg\",\"contentUrl\":\"https:\/\/www.dosico.com\/wp-content\/uploads\/2021\/03\/NUEVO-LOGO-_pages-to-jpg-0001-e1684412588621.jpg\",\"width\":549,\"height\":313,\"caption\":\"Dosico\"},\"image\":{\"@id\":\"https:\/\/www.dosico.com\/#\/schema\/logo\/image\/\"},\"sameAs\":[\"https:\/\/www.instagram.com\/dosico.es\/\",\"https:\/\/www.youtube.com\/channel\/UCr_3x646VeXQDDu0vgnfK2w\",\"https:\/\/www.linkedin.com\/company\/dosico-s-l\/?viewAsMember=true\"]}]}<\/script>\n<!-- \/ Yoast SEO plugin. -->","yoast_head_json":{"title":"ARES BLACK VELVET HAND DRYER WICK DISPENSER - Dosico","description":"En Dosico fabricamos todos nuestros dispensadores en pl\u00e1stico ABS 100% reciclado.","robots":{"index":"index","follow":"follow","max-snippet":"max-snippet:-1","max-image-preview":"max-image-preview:large","max-video-preview":"max-video-preview:-1"},"canonical":"https:\/\/www.dosico.com\/en\/producto\/ares-black-velvet-hand-dryer-dispenser-wick\/","og_locale":"en_US","og_type":"article","og_title":"ARES BLACK VELVET HAND DRYER WICK DISPENSER - Dosico","og_description":"En Dosico fabricamos todos nuestros dispensadores en pl\u00e1stico ABS 100% reciclado.","og_url":"https:\/\/www.dosico.com\/en\/producto\/ares-black-velvet-hand-dryer-dispenser-wick\/","og_site_name":"Dosico","article_modified_time":"2024-05-27T15:01:31+00:00","og_image":[{"width":324,"height":324,"url":"https:\/\/www.dosico.com\/wp-content\/uploads\/2021\/04\/MP4100-D.jpg","type":"image\/jpeg"}],"twitter_card":"summary_large_image","schema":{"@context":"https:\/\/schema.org","@graph":[{"@type":"WebPage","@id":"https:\/\/www.dosico.com\/en\/producto\/ares-black-velvet-hand-dryer-dispenser-wick\/","url":"https:\/\/www.dosico.com\/en\/producto\/ares-black-velvet-hand-dryer-dispenser-wick\/","name":"ARES BLACK VELVET HAND DRYER WICK DISPENSER - Dosico","isPartOf":{"@id":"https:\/\/www.dosico.com\/#website"},"primaryImageOfPage":{"@id":"https:\/\/www.dosico.com\/en\/producto\/ares-black-velvet-hand-dryer-dispenser-wick\/#primaryimage"},"image":{"@id":"https:\/\/www.dosico.com\/en\/producto\/ares-black-velvet-hand-dryer-dispenser-wick\/#primaryimage"},"thumbnailUrl":"https:\/\/www.dosico.com\/wp-content\/uploads\/2021\/04\/MP4100-D.jpg","datePublished":"2021-04-12T22:22:10+00:00","dateModified":"2024-05-27T15:01:31+00:00","description":"En Dosico fabricamos todos nuestros dispensadores en pl\u00e1stico ABS 100% reciclado.","breadcrumb":{"@id":"https:\/\/www.dosico.com\/en\/producto\/ares-black-velvet-hand-dryer-dispenser-wick\/#breadcrumb"},"inLanguage":"en-US","potentialAction":[{"@type":"ReadAction","target":["https:\/\/www.dosico.com\/en\/producto\/ares-black-velvet-hand-dryer-dispenser-wick\/"]}]},{"@type":"ImageObject","inLanguage":"en-US","@id":"https:\/\/www.dosico.com\/en\/producto\/ares-black-velvet-hand-dryer-dispenser-wick\/#primaryimage","url":"https:\/\/www.dosico.com\/wp-content\/uploads\/2021\/04\/MP4100-D.jpg","contentUrl":"https:\/\/www.dosico.com\/wp-content\/uploads\/2021\/04\/MP4100-D.jpg","width":324,"height":324},{"@type":"BreadcrumbList","@id":"https:\/\/www.dosico.com\/en\/producto\/ares-black-velvet-hand-dryer-dispenser-wick\/#breadcrumb","itemListElement":[{"@type":"ListItem","position":1,"name":"Portada","item":"https:\/\/www.dosico.com\/"},{"@type":"ListItem","position":2,"name":"Productos","item":"https:\/\/www.dosico.com\/productos-2\/"},{"@type":"ListItem","position":3,"name":"ARES BLACK VELVET HAND DRYER WICK DISPENSER"}]},{"@type":"WebSite","@id":"https:\/\/www.dosico.com\/#website","url":"https:\/\/www.dosico.com\/","name":"Dosico","description":"Fabricante de dispensadores de ba\u00f1o con m\u00e1s de 50 a\u00f1os en el mercado. A su servicio desde 1969.","publisher":{"@id":"https:\/\/www.dosico.com\/#organization"},"potentialAction":[{"@type":"SearchAction","target":{"@type":"EntryPoint","urlTemplate":"https:\/\/www.dosico.com\/?s={search_term_string}"},"query-input":{"@type":"PropertyValueSpecification","valueRequired":true,"valueName":"search_term_string"}}],"inLanguage":"en-US"},{"@type":"Organization","@id":"https:\/\/www.dosico.com\/#organization","name":"Dosico","url":"https:\/\/www.dosico.com\/","logo":{"@type":"ImageObject","inLanguage":"en-US","@id":"https:\/\/www.dosico.com\/#\/schema\/logo\/image\/","url":"https:\/\/www.dosico.com\/wp-content\/uploads\/2021\/03\/NUEVO-LOGO-_pages-to-jpg-0001-e1684412588621.jpg","contentUrl":"https:\/\/www.dosico.com\/wp-content\/uploads\/2021\/03\/NUEVO-LOGO-_pages-to-jpg-0001-e1684412588621.jpg","width":549,"height":313,"caption":"Dosico"},"image":{"@id":"https:\/\/www.dosico.com\/#\/schema\/logo\/image\/"},"sameAs":["https:\/\/www.instagram.com\/dosico.es\/","https:\/\/www.youtube.com\/channel\/UCr_3x646VeXQDDu0vgnfK2w","https:\/\/www.linkedin.com\/company\/dosico-s-l\/?viewAsMember=true"]}]}},"_links":{"self":[{"href":"https:\/\/www.dosico.com\/en\/wp-json\/wp\/v2\/product\/3551","targetHints":{"allow":["GET"]}}],"collection":[{"href":"https:\/\/www.dosico.com\/en\/wp-json\/wp\/v2\/product"}],"about":[{"href":"https:\/\/www.dosico.com\/en\/wp-json\/wp\/v2\/types\/product"}],"replies":[{"embeddable":true,"href":"https:\/\/www.dosico.com\/en\/wp-json\/wp\/v2\/comments?post=3551"}],"wp:featuredmedia":[{"embeddable":true,"href":"https:\/\/www.dosico.com\/en\/wp-json\/wp\/v2\/media\/3123"}],"wp:attachment":[{"href":"https:\/\/www.dosico.com\/en\/wp-json\/wp\/v2\/media?parent=3551"}],"wp:term":[{"taxonomy":"product_brand","embeddable":true,"href":"https:\/\/www.dosico.com\/en\/wp-json\/wp\/v2\/product_brand?post=3551"},{"taxonomy":"product_cat","embeddable":true,"href":"https:\/\/www.dosico.com\/en\/wp-json\/wp\/v2\/product_cat?post=3551"},{"taxonomy":"product_tag","embeddable":true,"href":"https:\/\/www.dosico.com\/en\/wp-json\/wp\/v2\/product_tag?post=3551"}],"curies":[{"name":"wp","href":"https:\/\/api.w.org\/{rel}","templated":true}]}}