{"id":3679,"date":"2021-10-04T15:44:49","date_gmt":"2021-10-04T15:44:49","guid":{"rendered":"https:\/\/www.dosico.com\/producto\/auto-cut-paper-dispenser-reference-ap4000\/"},"modified":"2023-10-17T07:22:11","modified_gmt":"2023-10-17T07:22:11","slug":"auto-cut-paper-dispenser-reference-ap4000","status":"publish","type":"product","link":"https:\/\/www.dosico.com\/en\/producto\/auto-cut-paper-dispenser-reference-ap4000\/","title":{"rendered":"ARES PURE WHITE AUTOCUT PAPER DISPENSER"},"content":{"rendered":"<p>Auto-Cut Paper Dispenser, made of 100% recyclable ABS plastic and with a polycarbonate window.<\/p>\n<p>Thanks to its composition, this product is resistant to impacts and temperature changes. Paper is dispensed from the bottom and paper loading is quick and easy. Its capacity is \u00d821 CM.<\/p>\n<p>The Auto-Cut Paper Dispenser is part of the Ares range of dispensers, which thanks to its versatile and innovative design, becomes a perfect element to furnish any space, creating a warm, personal and avant-garde atmosphere.<br \/>\n<strong>Snow White finish.<\/strong><\/p>\n<p><a style=\"font-size: 12px; margin-left: -35px;\" href=\"https:\/\/www.dosico.com\/wp-content\/uploads\/2022\/04\/Ficha-Tecnica-AP4000-new-ean.pdf\">Data sheet<\/a><a href=\"https:\/\/www.dosico.com\/wp-content\/uploads\/2022\/04\/Ficha-Tecnica-AP4000-new-ean.pdf\"><img decoding=\"async\" class=\"alignleft wp-image-346 \" src=\"https:\/\/www.dosico.com\/wp-content\/uploads\/2021\/03\/pdf-300x300.png\" alt=\"\" width=\"21\" height=\"21\" srcset=\"https:\/\/www.dosico.com\/wp-content\/uploads\/2021\/03\/pdf-300x300.png 300w, https:\/\/www.dosico.com\/wp-content\/uploads\/2021\/03\/pdf-150x150.png 150w, https:\/\/www.dosico.com\/wp-content\/uploads\/2021\/03\/pdf-450x450.png 450w, https:\/\/www.dosico.com\/wp-content\/uploads\/2021\/03\/pdf-100x100.png 100w, https:\/\/www.dosico.com\/wp-content\/uploads\/2021\/03\/pdf-64x64.png 64w, https:\/\/www.dosico.com\/wp-content\/uploads\/2021\/03\/pdf.png 512w\" sizes=\"(max-width: 21px) 100vw, 21px\" \/><\/a><\/p>\n","protected":false},"excerpt":{"rendered":"<p>Reference: AP4000<\/p>\n","protected":false},"featured_media":4774,"comment_status":"open","ping_status":"closed","template":"","meta":{"_acf_changed":false,"_joinchat":[]},"product_brand":[],"product_cat":[104],"product_tag":[148],"class_list":{"0":"post-3679","1":"product","2":"type-product","3":"status-publish","4":"has-post-thumbnail","6":"product_cat-ares-pure-white-en","7":"product_tag-ap4000-en","9":"first","10":"instock","11":"shipping-taxable","12":"product-type-simple"},"acf":[],"yoast_head":"<!-- This site is optimized with the Yoast SEO plugin v27.2 - https:\/\/yoast.com\/product\/yoast-seo-wordpress\/ -->\n<title>ARES PURE WHITE AUTOCUT PAPER DISPENSER - Dosico<\/title>\n<meta name=\"description\" content=\"En Dosico fabricamos todos nuestros dispensadores en pl\u00e1stico ABS 100% reciclado.\" \/>\n<meta name=\"robots\" content=\"index, follow, max-snippet:-1, max-image-preview:large, max-video-preview:-1\" \/>\n<link rel=\"canonical\" href=\"https:\/\/www.dosico.com\/en\/producto\/auto-cut-paper-dispenser-reference-ap4000\/\" \/>\n<meta property=\"og:locale\" content=\"en_US\" \/>\n<meta property=\"og:type\" content=\"article\" \/>\n<meta property=\"og:title\" content=\"ARES PURE WHITE AUTOCUT PAPER DISPENSER - Dosico\" \/>\n<meta property=\"og:description\" content=\"En Dosico fabricamos todos nuestros dispensadores en pl\u00e1stico ABS 100% reciclado.\" \/>\n<meta property=\"og:url\" content=\"https:\/\/www.dosico.com\/en\/producto\/auto-cut-paper-dispenser-reference-ap4000\/\" \/>\n<meta property=\"og:site_name\" content=\"Dosico\" \/>\n<meta property=\"article:modified_time\" content=\"2023-10-17T07:22:11+00:00\" \/>\n<meta property=\"og:image\" content=\"https:\/\/www.dosico.com\/wp-content\/uploads\/2021\/10\/ap4000-sin-fondo.png\" \/>\n\t<meta property=\"og:image:width\" content=\"324\" \/>\n\t<meta property=\"og:image:height\" content=\"324\" \/>\n\t<meta property=\"og:image:type\" content=\"image\/png\" \/>\n<meta name=\"twitter:card\" content=\"summary_large_image\" \/>\n<meta name=\"twitter:label1\" content=\"Est. reading time\" \/>\n\t<meta name=\"twitter:data1\" content=\"1 minute\" \/>\n<script type=\"application\/ld+json\" class=\"yoast-schema-graph\">{\"@context\":\"https:\/\/schema.org\",\"@graph\":[{\"@type\":\"WebPage\",\"@id\":\"https:\/\/www.dosico.com\/en\/producto\/auto-cut-paper-dispenser-reference-ap4000\/\",\"url\":\"https:\/\/www.dosico.com\/en\/producto\/auto-cut-paper-dispenser-reference-ap4000\/\",\"name\":\"ARES PURE WHITE AUTOCUT PAPER DISPENSER - Dosico\",\"isPartOf\":{\"@id\":\"https:\/\/www.dosico.com\/#website\"},\"primaryImageOfPage\":{\"@id\":\"https:\/\/www.dosico.com\/en\/producto\/auto-cut-paper-dispenser-reference-ap4000\/#primaryimage\"},\"image\":{\"@id\":\"https:\/\/www.dosico.com\/en\/producto\/auto-cut-paper-dispenser-reference-ap4000\/#primaryimage\"},\"thumbnailUrl\":\"https:\/\/www.dosico.com\/wp-content\/uploads\/2021\/10\/ap4000-sin-fondo.png\",\"datePublished\":\"2021-10-04T15:44:49+00:00\",\"dateModified\":\"2023-10-17T07:22:11+00:00\",\"description\":\"En Dosico fabricamos todos nuestros dispensadores en pl\u00e1stico ABS 100% reciclado.\",\"breadcrumb\":{\"@id\":\"https:\/\/www.dosico.com\/en\/producto\/auto-cut-paper-dispenser-reference-ap4000\/#breadcrumb\"},\"inLanguage\":\"en-US\",\"potentialAction\":[{\"@type\":\"ReadAction\",\"target\":[\"https:\/\/www.dosico.com\/en\/producto\/auto-cut-paper-dispenser-reference-ap4000\/\"]}]},{\"@type\":\"ImageObject\",\"inLanguage\":\"en-US\",\"@id\":\"https:\/\/www.dosico.com\/en\/producto\/auto-cut-paper-dispenser-reference-ap4000\/#primaryimage\",\"url\":\"https:\/\/www.dosico.com\/wp-content\/uploads\/2021\/10\/ap4000-sin-fondo.png\",\"contentUrl\":\"https:\/\/www.dosico.com\/wp-content\/uploads\/2021\/10\/ap4000-sin-fondo.png\",\"width\":324,\"height\":324},{\"@type\":\"BreadcrumbList\",\"@id\":\"https:\/\/www.dosico.com\/en\/producto\/auto-cut-paper-dispenser-reference-ap4000\/#breadcrumb\",\"itemListElement\":[{\"@type\":\"ListItem\",\"position\":1,\"name\":\"Portada\",\"item\":\"https:\/\/www.dosico.com\/\"},{\"@type\":\"ListItem\",\"position\":2,\"name\":\"Productos\",\"item\":\"https:\/\/www.dosico.com\/productos-2\/\"},{\"@type\":\"ListItem\",\"position\":3,\"name\":\"ARES PURE WHITE AUTOCUT PAPER DISPENSER\"}]},{\"@type\":\"WebSite\",\"@id\":\"https:\/\/www.dosico.com\/#website\",\"url\":\"https:\/\/www.dosico.com\/\",\"name\":\"Dosico\",\"description\":\"Fabricante de dispensadores de ba\u00f1o con m\u00e1s de 50 a\u00f1os en el mercado. A su servicio desde 1969.\",\"publisher\":{\"@id\":\"https:\/\/www.dosico.com\/#organization\"},\"potentialAction\":[{\"@type\":\"SearchAction\",\"target\":{\"@type\":\"EntryPoint\",\"urlTemplate\":\"https:\/\/www.dosico.com\/?s={search_term_string}\"},\"query-input\":{\"@type\":\"PropertyValueSpecification\",\"valueRequired\":true,\"valueName\":\"search_term_string\"}}],\"inLanguage\":\"en-US\"},{\"@type\":\"Organization\",\"@id\":\"https:\/\/www.dosico.com\/#organization\",\"name\":\"Dosico\",\"url\":\"https:\/\/www.dosico.com\/\",\"logo\":{\"@type\":\"ImageObject\",\"inLanguage\":\"en-US\",\"@id\":\"https:\/\/www.dosico.com\/#\/schema\/logo\/image\/\",\"url\":\"https:\/\/www.dosico.com\/wp-content\/uploads\/2021\/03\/NUEVO-LOGO-_pages-to-jpg-0001-e1684412588621.jpg\",\"contentUrl\":\"https:\/\/www.dosico.com\/wp-content\/uploads\/2021\/03\/NUEVO-LOGO-_pages-to-jpg-0001-e1684412588621.jpg\",\"width\":549,\"height\":313,\"caption\":\"Dosico\"},\"image\":{\"@id\":\"https:\/\/www.dosico.com\/#\/schema\/logo\/image\/\"},\"sameAs\":[\"https:\/\/www.instagram.com\/dosico.es\/\",\"https:\/\/www.youtube.com\/channel\/UCr_3x646VeXQDDu0vgnfK2w\",\"https:\/\/www.linkedin.com\/company\/dosico-s-l\/?viewAsMember=true\"]}]}<\/script>\n<!-- \/ Yoast SEO plugin. -->","yoast_head_json":{"title":"ARES PURE WHITE AUTOCUT PAPER DISPENSER - Dosico","description":"En Dosico fabricamos todos nuestros dispensadores en pl\u00e1stico ABS 100% reciclado.","robots":{"index":"index","follow":"follow","max-snippet":"max-snippet:-1","max-image-preview":"max-image-preview:large","max-video-preview":"max-video-preview:-1"},"canonical":"https:\/\/www.dosico.com\/en\/producto\/auto-cut-paper-dispenser-reference-ap4000\/","og_locale":"en_US","og_type":"article","og_title":"ARES PURE WHITE AUTOCUT PAPER DISPENSER - Dosico","og_description":"En Dosico fabricamos todos nuestros dispensadores en pl\u00e1stico ABS 100% reciclado.","og_url":"https:\/\/www.dosico.com\/en\/producto\/auto-cut-paper-dispenser-reference-ap4000\/","og_site_name":"Dosico","article_modified_time":"2023-10-17T07:22:11+00:00","og_image":[{"width":324,"height":324,"url":"https:\/\/www.dosico.com\/wp-content\/uploads\/2021\/10\/ap4000-sin-fondo.png","type":"image\/png"}],"twitter_card":"summary_large_image","twitter_misc":{"Est. reading time":"1 minute"},"schema":{"@context":"https:\/\/schema.org","@graph":[{"@type":"WebPage","@id":"https:\/\/www.dosico.com\/en\/producto\/auto-cut-paper-dispenser-reference-ap4000\/","url":"https:\/\/www.dosico.com\/en\/producto\/auto-cut-paper-dispenser-reference-ap4000\/","name":"ARES PURE WHITE AUTOCUT PAPER DISPENSER - Dosico","isPartOf":{"@id":"https:\/\/www.dosico.com\/#website"},"primaryImageOfPage":{"@id":"https:\/\/www.dosico.com\/en\/producto\/auto-cut-paper-dispenser-reference-ap4000\/#primaryimage"},"image":{"@id":"https:\/\/www.dosico.com\/en\/producto\/auto-cut-paper-dispenser-reference-ap4000\/#primaryimage"},"thumbnailUrl":"https:\/\/www.dosico.com\/wp-content\/uploads\/2021\/10\/ap4000-sin-fondo.png","datePublished":"2021-10-04T15:44:49+00:00","dateModified":"2023-10-17T07:22:11+00:00","description":"En Dosico fabricamos todos nuestros dispensadores en pl\u00e1stico ABS 100% reciclado.","breadcrumb":{"@id":"https:\/\/www.dosico.com\/en\/producto\/auto-cut-paper-dispenser-reference-ap4000\/#breadcrumb"},"inLanguage":"en-US","potentialAction":[{"@type":"ReadAction","target":["https:\/\/www.dosico.com\/en\/producto\/auto-cut-paper-dispenser-reference-ap4000\/"]}]},{"@type":"ImageObject","inLanguage":"en-US","@id":"https:\/\/www.dosico.com\/en\/producto\/auto-cut-paper-dispenser-reference-ap4000\/#primaryimage","url":"https:\/\/www.dosico.com\/wp-content\/uploads\/2021\/10\/ap4000-sin-fondo.png","contentUrl":"https:\/\/www.dosico.com\/wp-content\/uploads\/2021\/10\/ap4000-sin-fondo.png","width":324,"height":324},{"@type":"BreadcrumbList","@id":"https:\/\/www.dosico.com\/en\/producto\/auto-cut-paper-dispenser-reference-ap4000\/#breadcrumb","itemListElement":[{"@type":"ListItem","position":1,"name":"Portada","item":"https:\/\/www.dosico.com\/"},{"@type":"ListItem","position":2,"name":"Productos","item":"https:\/\/www.dosico.com\/productos-2\/"},{"@type":"ListItem","position":3,"name":"ARES PURE WHITE AUTOCUT PAPER DISPENSER"}]},{"@type":"WebSite","@id":"https:\/\/www.dosico.com\/#website","url":"https:\/\/www.dosico.com\/","name":"Dosico","description":"Fabricante de dispensadores de ba\u00f1o con m\u00e1s de 50 a\u00f1os en el mercado. A su servicio desde 1969.","publisher":{"@id":"https:\/\/www.dosico.com\/#organization"},"potentialAction":[{"@type":"SearchAction","target":{"@type":"EntryPoint","urlTemplate":"https:\/\/www.dosico.com\/?s={search_term_string}"},"query-input":{"@type":"PropertyValueSpecification","valueRequired":true,"valueName":"search_term_string"}}],"inLanguage":"en-US"},{"@type":"Organization","@id":"https:\/\/www.dosico.com\/#organization","name":"Dosico","url":"https:\/\/www.dosico.com\/","logo":{"@type":"ImageObject","inLanguage":"en-US","@id":"https:\/\/www.dosico.com\/#\/schema\/logo\/image\/","url":"https:\/\/www.dosico.com\/wp-content\/uploads\/2021\/03\/NUEVO-LOGO-_pages-to-jpg-0001-e1684412588621.jpg","contentUrl":"https:\/\/www.dosico.com\/wp-content\/uploads\/2021\/03\/NUEVO-LOGO-_pages-to-jpg-0001-e1684412588621.jpg","width":549,"height":313,"caption":"Dosico"},"image":{"@id":"https:\/\/www.dosico.com\/#\/schema\/logo\/image\/"},"sameAs":["https:\/\/www.instagram.com\/dosico.es\/","https:\/\/www.youtube.com\/channel\/UCr_3x646VeXQDDu0vgnfK2w","https:\/\/www.linkedin.com\/company\/dosico-s-l\/?viewAsMember=true"]}]}},"_links":{"self":[{"href":"https:\/\/www.dosico.com\/en\/wp-json\/wp\/v2\/product\/3679","targetHints":{"allow":["GET"]}}],"collection":[{"href":"https:\/\/www.dosico.com\/en\/wp-json\/wp\/v2\/product"}],"about":[{"href":"https:\/\/www.dosico.com\/en\/wp-json\/wp\/v2\/types\/product"}],"replies":[{"embeddable":true,"href":"https:\/\/www.dosico.com\/en\/wp-json\/wp\/v2\/comments?post=3679"}],"wp:featuredmedia":[{"embeddable":true,"href":"https:\/\/www.dosico.com\/en\/wp-json\/wp\/v2\/media\/4774"}],"wp:attachment":[{"href":"https:\/\/www.dosico.com\/en\/wp-json\/wp\/v2\/media?parent=3679"}],"wp:term":[{"taxonomy":"product_brand","embeddable":true,"href":"https:\/\/www.dosico.com\/en\/wp-json\/wp\/v2\/product_brand?post=3679"},{"taxonomy":"product_cat","embeddable":true,"href":"https:\/\/www.dosico.com\/en\/wp-json\/wp\/v2\/product_cat?post=3679"},{"taxonomy":"product_tag","embeddable":true,"href":"https:\/\/www.dosico.com\/en\/wp-json\/wp\/v2\/product_tag?post=3679"}],"curies":[{"name":"wp","href":"https:\/\/api.w.org\/{rel}","templated":true}]}}