{"id":3719,"date":"2022-01-25T17:27:24","date_gmt":"2022-01-25T17:27:24","guid":{"rendered":"https:\/\/www.dosico.com\/producto\/soap-and-hydroalcoholic-gel-dispenserreference-020410\/"},"modified":"2024-11-04T16:46:08","modified_gmt":"2024-11-04T16:46:08","slug":"soap-and-hydroalcoholic-gel-dispenser-reference-020410","status":"publish","type":"product","link":"https:\/\/www.dosico.com\/en\/producto\/soap-and-hydroalcoholic-gel-dispenser-reference-020410\/","title":{"rendered":"SOAP AND HYDROALCOHOLIC GEL DISPENSER"},"content":{"rendered":"<ul>\n<li>1L capacity.<\/li>\n<li>ABS White.<\/li>\n<\/ul>\n","protected":false},"excerpt":{"rendered":"<p>Reference: 020410<\/p>\n","protected":false},"featured_media":3167,"comment_status":"open","ping_status":"closed","template":"","meta":{"_acf_changed":false,"_joinchat":[]},"product_brand":[],"product_cat":[117,118],"product_tag":[],"class_list":{"0":"post-3719","1":"product","2":"type-product","3":"status-publish","4":"has-post-thumbnail","6":"product_cat-dispensers","7":"product_cat-our-classics","9":"first","10":"instock","11":"shipping-taxable","12":"product-type-simple"},"acf":[],"yoast_head":"<!-- This site is optimized with the Yoast SEO plugin v27.2 - https:\/\/yoast.com\/product\/yoast-seo-wordpress\/ -->\n<title>SOAP AND HYDROALCOHOLIC GEL DISPENSER - Dosico<\/title>\n<meta name=\"description\" content=\"SOAP AND HYDROALCOHOLIC GEL DISPENSER\" \/>\n<meta name=\"robots\" content=\"index, follow, max-snippet:-1, max-image-preview:large, max-video-preview:-1\" \/>\n<link rel=\"canonical\" href=\"https:\/\/www.dosico.com\/en\/producto\/soap-and-hydroalcoholic-gel-dispenser-reference-020410\/\" \/>\n<meta property=\"og:locale\" content=\"en_US\" \/>\n<meta property=\"og:type\" content=\"article\" \/>\n<meta property=\"og:title\" content=\"SOAP AND HYDROALCOHOLIC GEL DISPENSER - Dosico\" \/>\n<meta property=\"og:description\" content=\"SOAP AND HYDROALCOHOLIC GEL DISPENSER\" \/>\n<meta property=\"og:url\" content=\"https:\/\/www.dosico.com\/en\/producto\/soap-and-hydroalcoholic-gel-dispenser-reference-020410\/\" \/>\n<meta property=\"og:site_name\" content=\"Dosico\" \/>\n<meta property=\"article:modified_time\" content=\"2024-11-04T16:46:08+00:00\" \/>\n<meta property=\"og:image\" content=\"https:\/\/www.dosico.com\/wp-content\/uploads\/2022\/01\/020410-D-.jpg\" \/>\n\t<meta property=\"og:image:width\" content=\"324\" \/>\n\t<meta property=\"og:image:height\" content=\"324\" \/>\n\t<meta property=\"og:image:type\" content=\"image\/jpeg\" \/>\n<meta name=\"twitter:card\" content=\"summary_large_image\" \/>\n<script type=\"application\/ld+json\" class=\"yoast-schema-graph\">{\"@context\":\"https:\/\/schema.org\",\"@graph\":[{\"@type\":\"WebPage\",\"@id\":\"https:\/\/www.dosico.com\/en\/producto\/soap-and-hydroalcoholic-gel-dispenser-reference-020410\/\",\"url\":\"https:\/\/www.dosico.com\/en\/producto\/soap-and-hydroalcoholic-gel-dispenser-reference-020410\/\",\"name\":\"SOAP AND HYDROALCOHOLIC GEL DISPENSER - Dosico\",\"isPartOf\":{\"@id\":\"https:\/\/www.dosico.com\/#website\"},\"primaryImageOfPage\":{\"@id\":\"https:\/\/www.dosico.com\/en\/producto\/soap-and-hydroalcoholic-gel-dispenser-reference-020410\/#primaryimage\"},\"image\":{\"@id\":\"https:\/\/www.dosico.com\/en\/producto\/soap-and-hydroalcoholic-gel-dispenser-reference-020410\/#primaryimage\"},\"thumbnailUrl\":\"https:\/\/www.dosico.com\/wp-content\/uploads\/2022\/01\/020410-D-.jpg\",\"datePublished\":\"2022-01-25T17:27:24+00:00\",\"dateModified\":\"2024-11-04T16:46:08+00:00\",\"description\":\"SOAP AND HYDROALCOHOLIC GEL DISPENSER\",\"breadcrumb\":{\"@id\":\"https:\/\/www.dosico.com\/en\/producto\/soap-and-hydroalcoholic-gel-dispenser-reference-020410\/#breadcrumb\"},\"inLanguage\":\"en-US\",\"potentialAction\":[{\"@type\":\"ReadAction\",\"target\":[\"https:\/\/www.dosico.com\/en\/producto\/soap-and-hydroalcoholic-gel-dispenser-reference-020410\/\"]}]},{\"@type\":\"ImageObject\",\"inLanguage\":\"en-US\",\"@id\":\"https:\/\/www.dosico.com\/en\/producto\/soap-and-hydroalcoholic-gel-dispenser-reference-020410\/#primaryimage\",\"url\":\"https:\/\/www.dosico.com\/wp-content\/uploads\/2022\/01\/020410-D-.jpg\",\"contentUrl\":\"https:\/\/www.dosico.com\/wp-content\/uploads\/2022\/01\/020410-D-.jpg\",\"width\":324,\"height\":324},{\"@type\":\"BreadcrumbList\",\"@id\":\"https:\/\/www.dosico.com\/en\/producto\/soap-and-hydroalcoholic-gel-dispenser-reference-020410\/#breadcrumb\",\"itemListElement\":[{\"@type\":\"ListItem\",\"position\":1,\"name\":\"Portada\",\"item\":\"https:\/\/www.dosico.com\/\"},{\"@type\":\"ListItem\",\"position\":2,\"name\":\"Productos\",\"item\":\"https:\/\/www.dosico.com\/productos-2\/\"},{\"@type\":\"ListItem\",\"position\":3,\"name\":\"SOAP AND HYDROALCOHOLIC GEL DISPENSER\"}]},{\"@type\":\"WebSite\",\"@id\":\"https:\/\/www.dosico.com\/#website\",\"url\":\"https:\/\/www.dosico.com\/\",\"name\":\"Dosico\",\"description\":\"Fabricante de dispensadores de ba\u00f1o con m\u00e1s de 50 a\u00f1os en el mercado. A su servicio desde 1969.\",\"publisher\":{\"@id\":\"https:\/\/www.dosico.com\/#organization\"},\"potentialAction\":[{\"@type\":\"SearchAction\",\"target\":{\"@type\":\"EntryPoint\",\"urlTemplate\":\"https:\/\/www.dosico.com\/?s={search_term_string}\"},\"query-input\":{\"@type\":\"PropertyValueSpecification\",\"valueRequired\":true,\"valueName\":\"search_term_string\"}}],\"inLanguage\":\"en-US\"},{\"@type\":\"Organization\",\"@id\":\"https:\/\/www.dosico.com\/#organization\",\"name\":\"Dosico\",\"url\":\"https:\/\/www.dosico.com\/\",\"logo\":{\"@type\":\"ImageObject\",\"inLanguage\":\"en-US\",\"@id\":\"https:\/\/www.dosico.com\/#\/schema\/logo\/image\/\",\"url\":\"https:\/\/www.dosico.com\/wp-content\/uploads\/2021\/03\/NUEVO-LOGO-_pages-to-jpg-0001-e1684412588621.jpg\",\"contentUrl\":\"https:\/\/www.dosico.com\/wp-content\/uploads\/2021\/03\/NUEVO-LOGO-_pages-to-jpg-0001-e1684412588621.jpg\",\"width\":549,\"height\":313,\"caption\":\"Dosico\"},\"image\":{\"@id\":\"https:\/\/www.dosico.com\/#\/schema\/logo\/image\/\"},\"sameAs\":[\"https:\/\/www.instagram.com\/dosico.es\/\",\"https:\/\/www.youtube.com\/channel\/UCr_3x646VeXQDDu0vgnfK2w\",\"https:\/\/www.linkedin.com\/company\/dosico-s-l\/?viewAsMember=true\"]}]}<\/script>\n<!-- \/ Yoast SEO plugin. -->","yoast_head_json":{"title":"SOAP AND HYDROALCOHOLIC GEL DISPENSER - Dosico","description":"SOAP AND HYDROALCOHOLIC GEL DISPENSER","robots":{"index":"index","follow":"follow","max-snippet":"max-snippet:-1","max-image-preview":"max-image-preview:large","max-video-preview":"max-video-preview:-1"},"canonical":"https:\/\/www.dosico.com\/en\/producto\/soap-and-hydroalcoholic-gel-dispenser-reference-020410\/","og_locale":"en_US","og_type":"article","og_title":"SOAP AND HYDROALCOHOLIC GEL DISPENSER - Dosico","og_description":"SOAP AND HYDROALCOHOLIC GEL DISPENSER","og_url":"https:\/\/www.dosico.com\/en\/producto\/soap-and-hydroalcoholic-gel-dispenser-reference-020410\/","og_site_name":"Dosico","article_modified_time":"2024-11-04T16:46:08+00:00","og_image":[{"width":324,"height":324,"url":"https:\/\/www.dosico.com\/wp-content\/uploads\/2022\/01\/020410-D-.jpg","type":"image\/jpeg"}],"twitter_card":"summary_large_image","schema":{"@context":"https:\/\/schema.org","@graph":[{"@type":"WebPage","@id":"https:\/\/www.dosico.com\/en\/producto\/soap-and-hydroalcoholic-gel-dispenser-reference-020410\/","url":"https:\/\/www.dosico.com\/en\/producto\/soap-and-hydroalcoholic-gel-dispenser-reference-020410\/","name":"SOAP AND HYDROALCOHOLIC GEL DISPENSER - Dosico","isPartOf":{"@id":"https:\/\/www.dosico.com\/#website"},"primaryImageOfPage":{"@id":"https:\/\/www.dosico.com\/en\/producto\/soap-and-hydroalcoholic-gel-dispenser-reference-020410\/#primaryimage"},"image":{"@id":"https:\/\/www.dosico.com\/en\/producto\/soap-and-hydroalcoholic-gel-dispenser-reference-020410\/#primaryimage"},"thumbnailUrl":"https:\/\/www.dosico.com\/wp-content\/uploads\/2022\/01\/020410-D-.jpg","datePublished":"2022-01-25T17:27:24+00:00","dateModified":"2024-11-04T16:46:08+00:00","description":"SOAP AND HYDROALCOHOLIC GEL DISPENSER","breadcrumb":{"@id":"https:\/\/www.dosico.com\/en\/producto\/soap-and-hydroalcoholic-gel-dispenser-reference-020410\/#breadcrumb"},"inLanguage":"en-US","potentialAction":[{"@type":"ReadAction","target":["https:\/\/www.dosico.com\/en\/producto\/soap-and-hydroalcoholic-gel-dispenser-reference-020410\/"]}]},{"@type":"ImageObject","inLanguage":"en-US","@id":"https:\/\/www.dosico.com\/en\/producto\/soap-and-hydroalcoholic-gel-dispenser-reference-020410\/#primaryimage","url":"https:\/\/www.dosico.com\/wp-content\/uploads\/2022\/01\/020410-D-.jpg","contentUrl":"https:\/\/www.dosico.com\/wp-content\/uploads\/2022\/01\/020410-D-.jpg","width":324,"height":324},{"@type":"BreadcrumbList","@id":"https:\/\/www.dosico.com\/en\/producto\/soap-and-hydroalcoholic-gel-dispenser-reference-020410\/#breadcrumb","itemListElement":[{"@type":"ListItem","position":1,"name":"Portada","item":"https:\/\/www.dosico.com\/"},{"@type":"ListItem","position":2,"name":"Productos","item":"https:\/\/www.dosico.com\/productos-2\/"},{"@type":"ListItem","position":3,"name":"SOAP AND HYDROALCOHOLIC GEL DISPENSER"}]},{"@type":"WebSite","@id":"https:\/\/www.dosico.com\/#website","url":"https:\/\/www.dosico.com\/","name":"Dosico","description":"Fabricante de dispensadores de ba\u00f1o con m\u00e1s de 50 a\u00f1os en el mercado. A su servicio desde 1969.","publisher":{"@id":"https:\/\/www.dosico.com\/#organization"},"potentialAction":[{"@type":"SearchAction","target":{"@type":"EntryPoint","urlTemplate":"https:\/\/www.dosico.com\/?s={search_term_string}"},"query-input":{"@type":"PropertyValueSpecification","valueRequired":true,"valueName":"search_term_string"}}],"inLanguage":"en-US"},{"@type":"Organization","@id":"https:\/\/www.dosico.com\/#organization","name":"Dosico","url":"https:\/\/www.dosico.com\/","logo":{"@type":"ImageObject","inLanguage":"en-US","@id":"https:\/\/www.dosico.com\/#\/schema\/logo\/image\/","url":"https:\/\/www.dosico.com\/wp-content\/uploads\/2021\/03\/NUEVO-LOGO-_pages-to-jpg-0001-e1684412588621.jpg","contentUrl":"https:\/\/www.dosico.com\/wp-content\/uploads\/2021\/03\/NUEVO-LOGO-_pages-to-jpg-0001-e1684412588621.jpg","width":549,"height":313,"caption":"Dosico"},"image":{"@id":"https:\/\/www.dosico.com\/#\/schema\/logo\/image\/"},"sameAs":["https:\/\/www.instagram.com\/dosico.es\/","https:\/\/www.youtube.com\/channel\/UCr_3x646VeXQDDu0vgnfK2w","https:\/\/www.linkedin.com\/company\/dosico-s-l\/?viewAsMember=true"]}]}},"_links":{"self":[{"href":"https:\/\/www.dosico.com\/en\/wp-json\/wp\/v2\/product\/3719","targetHints":{"allow":["GET"]}}],"collection":[{"href":"https:\/\/www.dosico.com\/en\/wp-json\/wp\/v2\/product"}],"about":[{"href":"https:\/\/www.dosico.com\/en\/wp-json\/wp\/v2\/types\/product"}],"replies":[{"embeddable":true,"href":"https:\/\/www.dosico.com\/en\/wp-json\/wp\/v2\/comments?post=3719"}],"wp:featuredmedia":[{"embeddable":true,"href":"https:\/\/www.dosico.com\/en\/wp-json\/wp\/v2\/media\/3167"}],"wp:attachment":[{"href":"https:\/\/www.dosico.com\/en\/wp-json\/wp\/v2\/media?parent=3719"}],"wp:term":[{"taxonomy":"product_brand","embeddable":true,"href":"https:\/\/www.dosico.com\/en\/wp-json\/wp\/v2\/product_brand?post=3719"},{"taxonomy":"product_cat","embeddable":true,"href":"https:\/\/www.dosico.com\/en\/wp-json\/wp\/v2\/product_cat?post=3719"},{"taxonomy":"product_tag","embeddable":true,"href":"https:\/\/www.dosico.com\/en\/wp-json\/wp\/v2\/product_tag?post=3719"}],"curies":[{"name":"wp","href":"https:\/\/api.w.org\/{rel}","templated":true}]}}