{"id":4064,"date":"2022-09-07T07:59:37","date_gmt":"2022-09-07T07:59:37","guid":{"rendered":"https:\/\/www.dosico.com\/?post_type=product&#038;p=4064"},"modified":"2024-11-04T16:10:19","modified_gmt":"2024-11-04T16:10:19","slug":"ares-silver-grey-port-development-extraction-central-reference-pp2503","status":"publish","type":"product","link":"https:\/\/www.dosico.com\/en\/producto\/ares-silver-grey-port-development-extraction-central-reference-pp2503\/","title":{"rendered":"ARES SILVER GREY CENTRAL EXTRACTION ROLL HOLDER"},"content":{"rendered":"<p>Toilet Paper Dispenser made of 100% recyclable ABS plastic and with a polycarbonate visor.<\/p>\n<p>Thanks to its composition, this product is resistant to impacts and temperature changes. The paper is dispensed from the central part and a perfect cut is achieved thanks to an innovative system focused on reducing paper waste. The lid opens easily and paper loading is fast and simple. Its capacity is \u00d820 CM and it has a safety lock with key.<\/p>\n<p>The Central Extraction Toilet Paper Dispenser is part of the Ares range of dispensers, which thanks to its versatile and innovative design, becomes a perfect element to equip any space, creating a warm, personal and avant-garde atmosphere.<\/p>\n<p>&nbsp;<\/p>\n<p>*Visor available in different colors.<br \/>\n<strong>Silver Grey finish.  <\/strong><\/p>\n","protected":false},"excerpt":{"rendered":"<p>Part number: PP2503<\/p>\n","protected":false},"featured_media":4055,"comment_status":"open","ping_status":"closed","template":"","meta":{"_acf_changed":false,"_joinchat":[]},"product_brand":[],"product_cat":[109],"product_tag":[],"class_list":{"0":"post-4064","1":"product","2":"type-product","3":"status-publish","4":"has-post-thumbnail","6":"product_cat-ares-silver-gray","8":"first","9":"instock","10":"shipping-taxable","11":"product-type-simple"},"acf":[],"yoast_head":"<!-- This site is optimized with the Yoast SEO plugin v27.2 - https:\/\/yoast.com\/product\/yoast-seo-wordpress\/ -->\n<title>ARES SILVER GREY CENTRAL EXTRACTION ROLL HOLDER - Dosico<\/title>\n<meta name=\"description\" content=\"Toilet Paper Dispenser made of 100% recyclable ABS plastic and with a polycarbonate visor. R.esistant to impacts and temperature changes\" \/>\n<meta name=\"robots\" content=\"index, follow, max-snippet:-1, max-image-preview:large, max-video-preview:-1\" \/>\n<link rel=\"canonical\" href=\"https:\/\/www.dosico.com\/en\/producto\/ares-silver-grey-port-development-extraction-central-reference-pp2503\/\" \/>\n<meta property=\"og:locale\" content=\"en_US\" \/>\n<meta property=\"og:type\" content=\"article\" \/>\n<meta property=\"og:title\" content=\"ARES SILVER GREY CENTRAL EXTRACTION ROLL HOLDER - Dosico\" \/>\n<meta property=\"og:description\" content=\"Toilet Paper Dispenser made of 100% recyclable ABS plastic and with a polycarbonate visor. R.esistant to impacts and temperature changes\" \/>\n<meta property=\"og:url\" content=\"https:\/\/www.dosico.com\/en\/producto\/ares-silver-grey-port-development-extraction-central-reference-pp2503\/\" \/>\n<meta property=\"og:site_name\" content=\"Dosico\" \/>\n<meta property=\"article:modified_time\" content=\"2024-11-04T16:10:19+00:00\" \/>\n<meta property=\"og:image\" content=\"https:\/\/www.dosico.com\/wp-content\/uploads\/2022\/09\/RODO-GRIS-0-683x1024.png\" \/>\n\t<meta property=\"og:image:width\" content=\"683\" \/>\n\t<meta property=\"og:image:height\" content=\"1024\" \/>\n\t<meta property=\"og:image:type\" content=\"image\/png\" \/>\n<meta name=\"twitter:card\" content=\"summary_large_image\" \/>\n<meta name=\"twitter:label1\" content=\"Est. reading time\" \/>\n\t<meta name=\"twitter:data1\" content=\"1 minute\" \/>\n<script type=\"application\/ld+json\" class=\"yoast-schema-graph\">{\"@context\":\"https:\/\/schema.org\",\"@graph\":[{\"@type\":\"WebPage\",\"@id\":\"https:\/\/www.dosico.com\/en\/producto\/ares-silver-grey-port-development-extraction-central-reference-pp2503\/\",\"url\":\"https:\/\/www.dosico.com\/en\/producto\/ares-silver-grey-port-development-extraction-central-reference-pp2503\/\",\"name\":\"ARES SILVER GREY CENTRAL EXTRACTION ROLL HOLDER - Dosico\",\"isPartOf\":{\"@id\":\"https:\/\/www.dosico.com\/#website\"},\"primaryImageOfPage\":{\"@id\":\"https:\/\/www.dosico.com\/en\/producto\/ares-silver-grey-port-development-extraction-central-reference-pp2503\/#primaryimage\"},\"image\":{\"@id\":\"https:\/\/www.dosico.com\/en\/producto\/ares-silver-grey-port-development-extraction-central-reference-pp2503\/#primaryimage\"},\"thumbnailUrl\":\"https:\/\/www.dosico.com\/wp-content\/uploads\/2022\/09\/RODO-GRIS-0.png\",\"datePublished\":\"2022-09-07T07:59:37+00:00\",\"dateModified\":\"2024-11-04T16:10:19+00:00\",\"description\":\"Toilet Paper Dispenser made of 100% recyclable ABS plastic and with a polycarbonate visor. R.esistant to impacts and temperature changes\",\"breadcrumb\":{\"@id\":\"https:\/\/www.dosico.com\/en\/producto\/ares-silver-grey-port-development-extraction-central-reference-pp2503\/#breadcrumb\"},\"inLanguage\":\"en-US\",\"potentialAction\":[{\"@type\":\"ReadAction\",\"target\":[\"https:\/\/www.dosico.com\/en\/producto\/ares-silver-grey-port-development-extraction-central-reference-pp2503\/\"]}]},{\"@type\":\"ImageObject\",\"inLanguage\":\"en-US\",\"@id\":\"https:\/\/www.dosico.com\/en\/producto\/ares-silver-grey-port-development-extraction-central-reference-pp2503\/#primaryimage\",\"url\":\"https:\/\/www.dosico.com\/wp-content\/uploads\/2022\/09\/RODO-GRIS-0.png\",\"contentUrl\":\"https:\/\/www.dosico.com\/wp-content\/uploads\/2022\/09\/RODO-GRIS-0.png\",\"width\":4160,\"height\":6240,\"caption\":\"Dispensador de Papel Higi\u00e9nico fabricado con pl\u00e1stico ABS 100% reciclable y con visor de policarbonato.\"},{\"@type\":\"BreadcrumbList\",\"@id\":\"https:\/\/www.dosico.com\/en\/producto\/ares-silver-grey-port-development-extraction-central-reference-pp2503\/#breadcrumb\",\"itemListElement\":[{\"@type\":\"ListItem\",\"position\":1,\"name\":\"Portada\",\"item\":\"https:\/\/www.dosico.com\/\"},{\"@type\":\"ListItem\",\"position\":2,\"name\":\"Productos\",\"item\":\"https:\/\/www.dosico.com\/productos-2\/\"},{\"@type\":\"ListItem\",\"position\":3,\"name\":\"ARES SILVER GREY CENTRAL EXTRACTION ROLL HOLDER\"}]},{\"@type\":\"WebSite\",\"@id\":\"https:\/\/www.dosico.com\/#website\",\"url\":\"https:\/\/www.dosico.com\/\",\"name\":\"Dosico\",\"description\":\"Fabricante de dispensadores de ba\u00f1o con m\u00e1s de 50 a\u00f1os en el mercado. A su servicio desde 1969.\",\"publisher\":{\"@id\":\"https:\/\/www.dosico.com\/#organization\"},\"potentialAction\":[{\"@type\":\"SearchAction\",\"target\":{\"@type\":\"EntryPoint\",\"urlTemplate\":\"https:\/\/www.dosico.com\/?s={search_term_string}\"},\"query-input\":{\"@type\":\"PropertyValueSpecification\",\"valueRequired\":true,\"valueName\":\"search_term_string\"}}],\"inLanguage\":\"en-US\"},{\"@type\":\"Organization\",\"@id\":\"https:\/\/www.dosico.com\/#organization\",\"name\":\"Dosico\",\"url\":\"https:\/\/www.dosico.com\/\",\"logo\":{\"@type\":\"ImageObject\",\"inLanguage\":\"en-US\",\"@id\":\"https:\/\/www.dosico.com\/#\/schema\/logo\/image\/\",\"url\":\"https:\/\/www.dosico.com\/wp-content\/uploads\/2021\/03\/NUEVO-LOGO-_pages-to-jpg-0001-e1684412588621.jpg\",\"contentUrl\":\"https:\/\/www.dosico.com\/wp-content\/uploads\/2021\/03\/NUEVO-LOGO-_pages-to-jpg-0001-e1684412588621.jpg\",\"width\":549,\"height\":313,\"caption\":\"Dosico\"},\"image\":{\"@id\":\"https:\/\/www.dosico.com\/#\/schema\/logo\/image\/\"},\"sameAs\":[\"https:\/\/www.instagram.com\/dosico.es\/\",\"https:\/\/www.youtube.com\/channel\/UCr_3x646VeXQDDu0vgnfK2w\",\"https:\/\/www.linkedin.com\/company\/dosico-s-l\/?viewAsMember=true\"]}]}<\/script>\n<!-- \/ Yoast SEO plugin. -->","yoast_head_json":{"title":"ARES SILVER GREY CENTRAL EXTRACTION ROLL HOLDER - Dosico","description":"Toilet Paper Dispenser made of 100% recyclable ABS plastic and with a polycarbonate visor. R.esistant to impacts and temperature changes","robots":{"index":"index","follow":"follow","max-snippet":"max-snippet:-1","max-image-preview":"max-image-preview:large","max-video-preview":"max-video-preview:-1"},"canonical":"https:\/\/www.dosico.com\/en\/producto\/ares-silver-grey-port-development-extraction-central-reference-pp2503\/","og_locale":"en_US","og_type":"article","og_title":"ARES SILVER GREY CENTRAL EXTRACTION ROLL HOLDER - Dosico","og_description":"Toilet Paper Dispenser made of 100% recyclable ABS plastic and with a polycarbonate visor. R.esistant to impacts and temperature changes","og_url":"https:\/\/www.dosico.com\/en\/producto\/ares-silver-grey-port-development-extraction-central-reference-pp2503\/","og_site_name":"Dosico","article_modified_time":"2024-11-04T16:10:19+00:00","og_image":[{"width":683,"height":1024,"url":"https:\/\/www.dosico.com\/wp-content\/uploads\/2022\/09\/RODO-GRIS-0-683x1024.png","type":"image\/png"}],"twitter_card":"summary_large_image","twitter_misc":{"Est. reading time":"1 minute"},"schema":{"@context":"https:\/\/schema.org","@graph":[{"@type":"WebPage","@id":"https:\/\/www.dosico.com\/en\/producto\/ares-silver-grey-port-development-extraction-central-reference-pp2503\/","url":"https:\/\/www.dosico.com\/en\/producto\/ares-silver-grey-port-development-extraction-central-reference-pp2503\/","name":"ARES SILVER GREY CENTRAL EXTRACTION ROLL HOLDER - Dosico","isPartOf":{"@id":"https:\/\/www.dosico.com\/#website"},"primaryImageOfPage":{"@id":"https:\/\/www.dosico.com\/en\/producto\/ares-silver-grey-port-development-extraction-central-reference-pp2503\/#primaryimage"},"image":{"@id":"https:\/\/www.dosico.com\/en\/producto\/ares-silver-grey-port-development-extraction-central-reference-pp2503\/#primaryimage"},"thumbnailUrl":"https:\/\/www.dosico.com\/wp-content\/uploads\/2022\/09\/RODO-GRIS-0.png","datePublished":"2022-09-07T07:59:37+00:00","dateModified":"2024-11-04T16:10:19+00:00","description":"Toilet Paper Dispenser made of 100% recyclable ABS plastic and with a polycarbonate visor. R.esistant to impacts and temperature changes","breadcrumb":{"@id":"https:\/\/www.dosico.com\/en\/producto\/ares-silver-grey-port-development-extraction-central-reference-pp2503\/#breadcrumb"},"inLanguage":"en-US","potentialAction":[{"@type":"ReadAction","target":["https:\/\/www.dosico.com\/en\/producto\/ares-silver-grey-port-development-extraction-central-reference-pp2503\/"]}]},{"@type":"ImageObject","inLanguage":"en-US","@id":"https:\/\/www.dosico.com\/en\/producto\/ares-silver-grey-port-development-extraction-central-reference-pp2503\/#primaryimage","url":"https:\/\/www.dosico.com\/wp-content\/uploads\/2022\/09\/RODO-GRIS-0.png","contentUrl":"https:\/\/www.dosico.com\/wp-content\/uploads\/2022\/09\/RODO-GRIS-0.png","width":4160,"height":6240,"caption":"Dispensador de Papel Higi\u00e9nico fabricado con pl\u00e1stico ABS 100% reciclable y con visor de policarbonato."},{"@type":"BreadcrumbList","@id":"https:\/\/www.dosico.com\/en\/producto\/ares-silver-grey-port-development-extraction-central-reference-pp2503\/#breadcrumb","itemListElement":[{"@type":"ListItem","position":1,"name":"Portada","item":"https:\/\/www.dosico.com\/"},{"@type":"ListItem","position":2,"name":"Productos","item":"https:\/\/www.dosico.com\/productos-2\/"},{"@type":"ListItem","position":3,"name":"ARES SILVER GREY CENTRAL EXTRACTION ROLL HOLDER"}]},{"@type":"WebSite","@id":"https:\/\/www.dosico.com\/#website","url":"https:\/\/www.dosico.com\/","name":"Dosico","description":"Fabricante de dispensadores de ba\u00f1o con m\u00e1s de 50 a\u00f1os en el mercado. A su servicio desde 1969.","publisher":{"@id":"https:\/\/www.dosico.com\/#organization"},"potentialAction":[{"@type":"SearchAction","target":{"@type":"EntryPoint","urlTemplate":"https:\/\/www.dosico.com\/?s={search_term_string}"},"query-input":{"@type":"PropertyValueSpecification","valueRequired":true,"valueName":"search_term_string"}}],"inLanguage":"en-US"},{"@type":"Organization","@id":"https:\/\/www.dosico.com\/#organization","name":"Dosico","url":"https:\/\/www.dosico.com\/","logo":{"@type":"ImageObject","inLanguage":"en-US","@id":"https:\/\/www.dosico.com\/#\/schema\/logo\/image\/","url":"https:\/\/www.dosico.com\/wp-content\/uploads\/2021\/03\/NUEVO-LOGO-_pages-to-jpg-0001-e1684412588621.jpg","contentUrl":"https:\/\/www.dosico.com\/wp-content\/uploads\/2021\/03\/NUEVO-LOGO-_pages-to-jpg-0001-e1684412588621.jpg","width":549,"height":313,"caption":"Dosico"},"image":{"@id":"https:\/\/www.dosico.com\/#\/schema\/logo\/image\/"},"sameAs":["https:\/\/www.instagram.com\/dosico.es\/","https:\/\/www.youtube.com\/channel\/UCr_3x646VeXQDDu0vgnfK2w","https:\/\/www.linkedin.com\/company\/dosico-s-l\/?viewAsMember=true"]}]}},"_links":{"self":[{"href":"https:\/\/www.dosico.com\/en\/wp-json\/wp\/v2\/product\/4064","targetHints":{"allow":["GET"]}}],"collection":[{"href":"https:\/\/www.dosico.com\/en\/wp-json\/wp\/v2\/product"}],"about":[{"href":"https:\/\/www.dosico.com\/en\/wp-json\/wp\/v2\/types\/product"}],"replies":[{"embeddable":true,"href":"https:\/\/www.dosico.com\/en\/wp-json\/wp\/v2\/comments?post=4064"}],"wp:featuredmedia":[{"embeddable":true,"href":"https:\/\/www.dosico.com\/en\/wp-json\/wp\/v2\/media\/4055"}],"wp:attachment":[{"href":"https:\/\/www.dosico.com\/en\/wp-json\/wp\/v2\/media?parent=4064"}],"wp:term":[{"taxonomy":"product_brand","embeddable":true,"href":"https:\/\/www.dosico.com\/en\/wp-json\/wp\/v2\/product_brand?post=4064"},{"taxonomy":"product_cat","embeddable":true,"href":"https:\/\/www.dosico.com\/en\/wp-json\/wp\/v2\/product_cat?post=4064"},{"taxonomy":"product_tag","embeddable":true,"href":"https:\/\/www.dosico.com\/en\/wp-json\/wp\/v2\/product_tag?post=4064"}],"curies":[{"name":"wp","href":"https:\/\/api.w.org\/{rel}","templated":true}]}}