{"id":3458,"date":"2021-05-03T13:25:36","date_gmt":"2021-05-03T13:25:36","guid":{"rendered":"https:\/\/www.dosico.com\/termes-et-conditions\/"},"modified":"2022-06-20T08:36:38","modified_gmt":"2022-06-20T08:36:38","slug":"termes-et-conditions","status":"publish","type":"page","link":"https:\/\/www.dosico.com\/fr\/termes-et-conditions\/","title":{"rendered":"Termes et conditions"},"content":{"rendered":"\n<hr class=\"wp-block-separator\"\/>\n\n<p><strong>VENTES<\/strong><\/p>\n\n<hr class=\"wp-block-separator\"\/>\n\n<p>Toutes nos ventes sont assur\u00e9es par des compagnies de risques. L&rsquo;acceptation des commandes est conditionn\u00e9e par le risque souscrit avec celles-ci. Nos prix nets, hors remises commerciales, s&rsquo;entendent hors TVA. La valeur nette minimale pour l&rsquo;acceptation de vos commandes pour les frais de logistique et de gestion est de 200 \u20ac. Nos prix ne comprennent pas les frais de port. Les frais de port seront gratuits dans les conditions suivantes :<\/p>\n\n<ul class=\"wp-block-list\"><li>P\u00c9NINSULE 350 \u20ac<\/li><li>\u00ceLES BALEARES 600 \u20ac<\/li><li>\u00ceLES CANARIES 1 200 \u20ac<\/li><\/ul>\n\n<hr class=\"wp-block-separator\"\/>\n\n<p><strong>RETOUR<\/strong><\/p>\n\n<hr class=\"wp-block-separator\"\/>\n\n<p>Les retours ne seront pas accept\u00e9s, sauf accord \u00e9crit avec notre service commercial et \u00e0 condition que les conditions suivantes soient remplies. <strong>Manque de marchandise ou marchandise en mauvais \u00e9tat :<\/strong> Il doit \u00eatre signal\u00e9 au moment de la r\u00e9ception au transporteur sur le bon de livraison ou \u00e0 notre soci\u00e9t\u00e9 dans un d\u00e9lai maximum de 24 heures. Une fois l&rsquo;incidence accept\u00e9e, les frais de port de ces retours seront pris en charge par notre soci\u00e9t\u00e9 et le r\u00e8glement sera effectu\u00e9 sur la facture correspondant au bon de livraison. <strong>Retours de marchandise pour des raisons ind\u00e9pendantes de notre soci\u00e9t\u00e9 :<\/strong> &#8211; AUCUN retour de marchandise ne sera accept\u00e9 apr\u00e8s 15 jours de facturation.- AUCUN retour de marchandise en mauvais \u00e9tat NE SERA ACCEPT\u00c9. La marchandise subira une d\u00e9pr\u00e9ciation \u00e0 son paiement de 20% pour frais de gestion, de manutention et de reconditionnement. Les paiements pour ces retours seront d\u00e9duits du prochain achat. Les frais de port de ces retours seront toujours \u00e0 la charge du client. <\/p>\n\n<hr class=\"wp-block-separator\"\/>\n\n<p><strong>GARANTIE ET REMPLACEMENT<\/strong><\/p>\n\n<hr class=\"wp-block-separator\"\/>\n\n<p>Tous nos produits sont garantis 2 ans \u00e0 compter de la r\u00e9ception et de l&rsquo;acceptation par notre client. Une fois l&rsquo;\u00e9tat v\u00e9rifi\u00e9 par nos techniciens et la garantie accept\u00e9e, le d\u00e9faut sera r\u00e9par\u00e9 ou, s&rsquo;il ne peut \u00eatre r\u00e9par\u00e9 faute de pi\u00e8ces de rechange, il sera remplac\u00e9 par le m\u00eame produit ou un produit similaire.<\/p>\n","protected":false},"excerpt":{"rendered":"<p>VENTES Toutes nos ventes sont assur\u00e9es par des compagnies de risques. L&rsquo;acceptation des commandes est conditionn\u00e9e par le risque souscrit avec celles-ci. Nos prix nets, hors remises commerciales, s&rsquo;entendent hors TVA. La valeur nette minimale pour l&rsquo;acceptation de vos commandes pour les frais de logistique et de gestion est de 200 \u20ac. Nos prix ne [&hellip;]<\/p>\n","protected":false},"author":2,"featured_media":0,"parent":0,"menu_order":0,"comment_status":"closed","ping_status":"closed","template":"","meta":{"_acf_changed":false,"_joinchat":[],"footnotes":""},"class_list":["post-3458","page","type-page","status-publish","hentry"],"acf":[],"yoast_head":"<!-- This site is optimized with the Yoast SEO plugin v27.2 - https:\/\/yoast.com\/product\/yoast-seo-wordpress\/ -->\n<title>Termes et conditions - Dosico<\/title>\n<meta name=\"description\" content=\"En Dosico fabricamos todos nuestros dispensadores en pl\u00e1stico ABS 100% reciclado.\" \/>\n<meta name=\"robots\" content=\"index, follow, max-snippet:-1, max-image-preview:large, max-video-preview:-1\" \/>\n<link rel=\"canonical\" href=\"https:\/\/www.dosico.com\/fr\/termes-et-conditions\/\" \/>\n<meta property=\"og:locale\" content=\"fr_FR\" \/>\n<meta property=\"og:type\" content=\"article\" \/>\n<meta property=\"og:title\" content=\"Termes et conditions - Dosico\" \/>\n<meta property=\"og:description\" content=\"En Dosico fabricamos todos nuestros dispensadores en pl\u00e1stico ABS 100% reciclado.\" \/>\n<meta property=\"og:url\" content=\"https:\/\/www.dosico.com\/fr\/termes-et-conditions\/\" \/>\n<meta property=\"og:site_name\" content=\"Dosico\" \/>\n<meta property=\"article:modified_time\" content=\"2022-06-20T08:36:38+00:00\" \/>\n<meta property=\"og:image\" content=\"https:\/\/www.dosico.com\/wp-content\/uploads\/2021\/03\/NUEVO-LOGO-_pages-to-jpg-0001-e1684412588621.jpg\" \/>\n\t<meta property=\"og:image:width\" content=\"549\" \/>\n\t<meta property=\"og:image:height\" content=\"313\" \/>\n\t<meta property=\"og:image:type\" content=\"image\/jpeg\" \/>\n<meta name=\"twitter:card\" content=\"summary_large_image\" \/>\n<meta name=\"twitter:label1\" content=\"Dur\u00e9e de lecture estim\u00e9e\" \/>\n\t<meta name=\"twitter:data1\" content=\"2 minutes\" \/>\n<script type=\"application\/ld+json\" class=\"yoast-schema-graph\">{\"@context\":\"https:\/\/schema.org\",\"@graph\":[{\"@type\":\"WebPage\",\"@id\":\"https:\/\/www.dosico.com\/fr\/termes-et-conditions\/\",\"url\":\"https:\/\/www.dosico.com\/fr\/termes-et-conditions\/\",\"name\":\"Termes et conditions - Dosico\",\"isPartOf\":{\"@id\":\"https:\/\/www.dosico.com\/#website\"},\"datePublished\":\"2021-05-03T13:25:36+00:00\",\"dateModified\":\"2022-06-20T08:36:38+00:00\",\"description\":\"En Dosico fabricamos todos nuestros dispensadores en pl\u00e1stico ABS 100% reciclado.\",\"breadcrumb\":{\"@id\":\"https:\/\/www.dosico.com\/fr\/termes-et-conditions\/#breadcrumb\"},\"inLanguage\":\"fr-FR\",\"potentialAction\":[{\"@type\":\"ReadAction\",\"target\":[\"https:\/\/www.dosico.com\/fr\/termes-et-conditions\/\"]}]},{\"@type\":\"BreadcrumbList\",\"@id\":\"https:\/\/www.dosico.com\/fr\/termes-et-conditions\/#breadcrumb\",\"itemListElement\":[{\"@type\":\"ListItem\",\"position\":1,\"name\":\"Portada\",\"item\":\"https:\/\/www.dosico.com\/\"},{\"@type\":\"ListItem\",\"position\":2,\"name\":\"Termes et conditions\"}]},{\"@type\":\"WebSite\",\"@id\":\"https:\/\/www.dosico.com\/#website\",\"url\":\"https:\/\/www.dosico.com\/\",\"name\":\"Dosico\",\"description\":\"Fabricante de dispensadores de ba\u00f1o con m\u00e1s de 50 a\u00f1os en el mercado. A su servicio desde 1969.\",\"publisher\":{\"@id\":\"https:\/\/www.dosico.com\/#organization\"},\"potentialAction\":[{\"@type\":\"SearchAction\",\"target\":{\"@type\":\"EntryPoint\",\"urlTemplate\":\"https:\/\/www.dosico.com\/?s={search_term_string}\"},\"query-input\":{\"@type\":\"PropertyValueSpecification\",\"valueRequired\":true,\"valueName\":\"search_term_string\"}}],\"inLanguage\":\"fr-FR\"},{\"@type\":\"Organization\",\"@id\":\"https:\/\/www.dosico.com\/#organization\",\"name\":\"Dosico\",\"url\":\"https:\/\/www.dosico.com\/\",\"logo\":{\"@type\":\"ImageObject\",\"inLanguage\":\"fr-FR\",\"@id\":\"https:\/\/www.dosico.com\/#\/schema\/logo\/image\/\",\"url\":\"https:\/\/www.dosico.com\/wp-content\/uploads\/2021\/03\/NUEVO-LOGO-_pages-to-jpg-0001-e1684412588621.jpg\",\"contentUrl\":\"https:\/\/www.dosico.com\/wp-content\/uploads\/2021\/03\/NUEVO-LOGO-_pages-to-jpg-0001-e1684412588621.jpg\",\"width\":549,\"height\":313,\"caption\":\"Dosico\"},\"image\":{\"@id\":\"https:\/\/www.dosico.com\/#\/schema\/logo\/image\/\"},\"sameAs\":[\"https:\/\/www.instagram.com\/dosico.es\/\",\"https:\/\/www.youtube.com\/channel\/UCr_3x646VeXQDDu0vgnfK2w\",\"https:\/\/www.linkedin.com\/company\/dosico-s-l\/?viewAsMember=true\"]}]}<\/script>\n<!-- \/ Yoast SEO plugin. -->","yoast_head_json":{"title":"Termes et conditions - Dosico","description":"En Dosico fabricamos todos nuestros dispensadores en pl\u00e1stico ABS 100% reciclado.","robots":{"index":"index","follow":"follow","max-snippet":"max-snippet:-1","max-image-preview":"max-image-preview:large","max-video-preview":"max-video-preview:-1"},"canonical":"https:\/\/www.dosico.com\/fr\/termes-et-conditions\/","og_locale":"fr_FR","og_type":"article","og_title":"Termes et conditions - Dosico","og_description":"En Dosico fabricamos todos nuestros dispensadores en pl\u00e1stico ABS 100% reciclado.","og_url":"https:\/\/www.dosico.com\/fr\/termes-et-conditions\/","og_site_name":"Dosico","article_modified_time":"2022-06-20T08:36:38+00:00","og_image":[{"width":549,"height":313,"url":"https:\/\/www.dosico.com\/wp-content\/uploads\/2021\/03\/NUEVO-LOGO-_pages-to-jpg-0001-e1684412588621.jpg","type":"image\/jpeg"}],"twitter_card":"summary_large_image","twitter_misc":{"Dur\u00e9e de lecture estim\u00e9e":"2 minutes"},"schema":{"@context":"https:\/\/schema.org","@graph":[{"@type":"WebPage","@id":"https:\/\/www.dosico.com\/fr\/termes-et-conditions\/","url":"https:\/\/www.dosico.com\/fr\/termes-et-conditions\/","name":"Termes et conditions - Dosico","isPartOf":{"@id":"https:\/\/www.dosico.com\/#website"},"datePublished":"2021-05-03T13:25:36+00:00","dateModified":"2022-06-20T08:36:38+00:00","description":"En Dosico fabricamos todos nuestros dispensadores en pl\u00e1stico ABS 100% reciclado.","breadcrumb":{"@id":"https:\/\/www.dosico.com\/fr\/termes-et-conditions\/#breadcrumb"},"inLanguage":"fr-FR","potentialAction":[{"@type":"ReadAction","target":["https:\/\/www.dosico.com\/fr\/termes-et-conditions\/"]}]},{"@type":"BreadcrumbList","@id":"https:\/\/www.dosico.com\/fr\/termes-et-conditions\/#breadcrumb","itemListElement":[{"@type":"ListItem","position":1,"name":"Portada","item":"https:\/\/www.dosico.com\/"},{"@type":"ListItem","position":2,"name":"Termes et conditions"}]},{"@type":"WebSite","@id":"https:\/\/www.dosico.com\/#website","url":"https:\/\/www.dosico.com\/","name":"Dosico","description":"Fabricante de dispensadores de ba\u00f1o con m\u00e1s de 50 a\u00f1os en el mercado. A su servicio desde 1969.","publisher":{"@id":"https:\/\/www.dosico.com\/#organization"},"potentialAction":[{"@type":"SearchAction","target":{"@type":"EntryPoint","urlTemplate":"https:\/\/www.dosico.com\/?s={search_term_string}"},"query-input":{"@type":"PropertyValueSpecification","valueRequired":true,"valueName":"search_term_string"}}],"inLanguage":"fr-FR"},{"@type":"Organization","@id":"https:\/\/www.dosico.com\/#organization","name":"Dosico","url":"https:\/\/www.dosico.com\/","logo":{"@type":"ImageObject","inLanguage":"fr-FR","@id":"https:\/\/www.dosico.com\/#\/schema\/logo\/image\/","url":"https:\/\/www.dosico.com\/wp-content\/uploads\/2021\/03\/NUEVO-LOGO-_pages-to-jpg-0001-e1684412588621.jpg","contentUrl":"https:\/\/www.dosico.com\/wp-content\/uploads\/2021\/03\/NUEVO-LOGO-_pages-to-jpg-0001-e1684412588621.jpg","width":549,"height":313,"caption":"Dosico"},"image":{"@id":"https:\/\/www.dosico.com\/#\/schema\/logo\/image\/"},"sameAs":["https:\/\/www.instagram.com\/dosico.es\/","https:\/\/www.youtube.com\/channel\/UCr_3x646VeXQDDu0vgnfK2w","https:\/\/www.linkedin.com\/company\/dosico-s-l\/?viewAsMember=true"]}]}},"_links":{"self":[{"href":"https:\/\/www.dosico.com\/fr\/wp-json\/wp\/v2\/pages\/3458","targetHints":{"allow":["GET"]}}],"collection":[{"href":"https:\/\/www.dosico.com\/fr\/wp-json\/wp\/v2\/pages"}],"about":[{"href":"https:\/\/www.dosico.com\/fr\/wp-json\/wp\/v2\/types\/page"}],"author":[{"embeddable":true,"href":"https:\/\/www.dosico.com\/fr\/wp-json\/wp\/v2\/users\/2"}],"replies":[{"embeddable":true,"href":"https:\/\/www.dosico.com\/fr\/wp-json\/wp\/v2\/comments?post=3458"}],"version-history":[{"count":0,"href":"https:\/\/www.dosico.com\/fr\/wp-json\/wp\/v2\/pages\/3458\/revisions"}],"wp:attachment":[{"href":"https:\/\/www.dosico.com\/fr\/wp-json\/wp\/v2\/media?parent=3458"}],"curies":[{"name":"wp","href":"https:\/\/api.w.org\/{rel}","templated":true}]}}