{"id":3541,"date":"2021-04-12T20:03:17","date_gmt":"2021-04-12T20:03:17","guid":{"rendered":"https:\/\/www.dosico.com\/producto\/ares-pure-white-distributeur-de-serviettes-z-reference-tp6100\/"},"modified":"2023-10-19T09:00:35","modified_gmt":"2023-10-19T09:00:35","slug":"distributeur-de-serviettes-z","status":"publish","type":"product","link":"https:\/\/www.dosico.com\/fr\/producto\/distributeur-de-serviettes-z\/","title":{"rendered":"DISTRIBUTEUR D\u2019ESSUIE-MAINS FEUILLE \u00c0 FEUILLE ARES COULEUR BLANCHE"},"content":{"rendered":"<p>Distributeur de serviettes en papier Z, fabriqu\u00e9 en plastique ABS 100% recyclable et avec une visi\u00e8re en polycarbonate.<\/p>\n<p>Gr\u00e2ce \u00e0 sa composition, ce produit r\u00e9siste aux chocs et aux changements de temp\u00e9rature. Le papier est distribu\u00e9 par le bas et le chargement du papier est rapide et facile. Sa capacit\u00e9 est de 600 services et il dispose d&rsquo;une serrure de s\u00e9curit\u00e9 \u00e0 cl\u00e9.<\/p>\n<p>Le distributeur de serviettes en papier Z fait partie de la gamme de distributeurs Ares qui, gr\u00e2ce \u00e0 son design polyvalent et innovant, devient un \u00e9l\u00e9ment parfait pour meubler n&rsquo;importe quel espace, cr\u00e9ant une atmosph\u00e8re chaleureuse, personnelle et avant-gardiste.<\/p>\n<p>*Visi\u00e8re disponible en diff\u00e9rentes couleurs.<br \/>\n<strong>Finition Blanche-Neige. <\/strong><\/p>\n<p><a style=\"font-size: 12px; margin-left: -35px;\" href=\"https:\/\/www.dosico.com\/wp-content\/uploads\/2022\/04\/Ficha-Tecnica-TP6100-new-ean.pdf\">Fiche technique<\/a><a href=\"https:\/\/www.dosico.com\/wp-content\/uploads\/2022\/04\/Ficha-Tecnica-TP6100-new-ean.pdf\"><img decoding=\"async\" class=\"alignleft wp-image-346 \" src=\"https:\/\/www.dosico.com\/wp-content\/uploads\/2021\/03\/pdf-300x300.png\" alt=\"\" width=\"25\" height=\"25\" srcset=\"https:\/\/www.dosico.com\/wp-content\/uploads\/2021\/03\/pdf-300x300.png 300w, https:\/\/www.dosico.com\/wp-content\/uploads\/2021\/03\/pdf-150x150.png 150w, https:\/\/www.dosico.com\/wp-content\/uploads\/2021\/03\/pdf-450x450.png 450w, https:\/\/www.dosico.com\/wp-content\/uploads\/2021\/03\/pdf-100x100.png 100w, https:\/\/www.dosico.com\/wp-content\/uploads\/2021\/03\/pdf-64x64.png 64w, https:\/\/www.dosico.com\/wp-content\/uploads\/2021\/03\/pdf.png 512w\" sizes=\"(max-width: 25px) 100vw, 25px\" \/><\/a><\/p>\n","protected":false},"excerpt":{"rendered":"<p>R\u00e9f\u00e9rence : TP6100<\/p>\n","protected":false},"featured_media":4815,"comment_status":"open","ping_status":"closed","template":"","meta":{"_acf_changed":false,"_joinchat":[]},"product_brand":[],"product_cat":[105],"product_tag":[158],"class_list":{"0":"post-3541","1":"product","2":"type-product","3":"status-publish","4":"has-post-thumbnail","6":"product_cat-ares-blanc-pur","7":"product_tag-tp6100-fr","9":"first","10":"instock","11":"shipping-taxable","12":"product-type-simple"},"acf":[],"yoast_head":"<!-- This site is optimized with the Yoast SEO plugin v27.2 - https:\/\/yoast.com\/product\/yoast-seo-wordpress\/ -->\n<title>DISTRIBUTEUR D\u2019ESSUIE-MAINS FEUILLE \u00c0 FEUILLE ARES COULEUR BLANCHE - Dosico<\/title>\n<meta name=\"description\" content=\"En Dosico fabricamos todos nuestros dispensadores en pl\u00e1stico ABS 100% reciclado.\" \/>\n<meta name=\"robots\" content=\"index, follow, max-snippet:-1, max-image-preview:large, max-video-preview:-1\" \/>\n<link rel=\"canonical\" href=\"https:\/\/www.dosico.com\/fr\/producto\/distributeur-de-serviettes-z\/\" \/>\n<meta property=\"og:locale\" content=\"fr_FR\" \/>\n<meta property=\"og:type\" content=\"article\" \/>\n<meta property=\"og:title\" content=\"DISTRIBUTEUR D\u2019ESSUIE-MAINS FEUILLE \u00c0 FEUILLE ARES COULEUR BLANCHE - Dosico\" \/>\n<meta property=\"og:description\" content=\"En Dosico fabricamos todos nuestros dispensadores en pl\u00e1stico ABS 100% reciclado.\" \/>\n<meta property=\"og:url\" content=\"https:\/\/www.dosico.com\/fr\/producto\/distributeur-de-serviettes-z\/\" \/>\n<meta property=\"og:site_name\" content=\"Dosico\" \/>\n<meta property=\"article:modified_time\" content=\"2023-10-19T09:00:35+00:00\" \/>\n<meta property=\"og:image\" content=\"https:\/\/www.dosico.com\/wp-content\/uploads\/2021\/04\/TP6100-sin-fondo.png\" \/>\n\t<meta property=\"og:image:width\" content=\"324\" \/>\n\t<meta property=\"og:image:height\" content=\"324\" \/>\n\t<meta property=\"og:image:type\" content=\"image\/png\" \/>\n<meta name=\"twitter:card\" content=\"summary_large_image\" \/>\n<meta name=\"twitter:label1\" content=\"Dur\u00e9e de lecture estim\u00e9e\" \/>\n\t<meta name=\"twitter:data1\" content=\"1 minute\" \/>\n<script type=\"application\/ld+json\" class=\"yoast-schema-graph\">{\"@context\":\"https:\/\/schema.org\",\"@graph\":[{\"@type\":\"WebPage\",\"@id\":\"https:\/\/www.dosico.com\/fr\/producto\/distributeur-de-serviettes-z\/\",\"url\":\"https:\/\/www.dosico.com\/fr\/producto\/distributeur-de-serviettes-z\/\",\"name\":\"DISTRIBUTEUR D\u2019ESSUIE-MAINS FEUILLE \u00c0 FEUILLE ARES COULEUR BLANCHE - Dosico\",\"isPartOf\":{\"@id\":\"https:\/\/www.dosico.com\/#website\"},\"primaryImageOfPage\":{\"@id\":\"https:\/\/www.dosico.com\/fr\/producto\/distributeur-de-serviettes-z\/#primaryimage\"},\"image\":{\"@id\":\"https:\/\/www.dosico.com\/fr\/producto\/distributeur-de-serviettes-z\/#primaryimage\"},\"thumbnailUrl\":\"https:\/\/www.dosico.com\/wp-content\/uploads\/2021\/04\/TP6100-sin-fondo.png\",\"datePublished\":\"2021-04-12T20:03:17+00:00\",\"dateModified\":\"2023-10-19T09:00:35+00:00\",\"description\":\"En Dosico fabricamos todos nuestros dispensadores en pl\u00e1stico ABS 100% reciclado.\",\"breadcrumb\":{\"@id\":\"https:\/\/www.dosico.com\/fr\/producto\/distributeur-de-serviettes-z\/#breadcrumb\"},\"inLanguage\":\"fr-FR\",\"potentialAction\":[{\"@type\":\"ReadAction\",\"target\":[\"https:\/\/www.dosico.com\/fr\/producto\/distributeur-de-serviettes-z\/\"]}]},{\"@type\":\"ImageObject\",\"inLanguage\":\"fr-FR\",\"@id\":\"https:\/\/www.dosico.com\/fr\/producto\/distributeur-de-serviettes-z\/#primaryimage\",\"url\":\"https:\/\/www.dosico.com\/wp-content\/uploads\/2021\/04\/TP6100-sin-fondo.png\",\"contentUrl\":\"https:\/\/www.dosico.com\/wp-content\/uploads\/2021\/04\/TP6100-sin-fondo.png\",\"width\":324,\"height\":324},{\"@type\":\"BreadcrumbList\",\"@id\":\"https:\/\/www.dosico.com\/fr\/producto\/distributeur-de-serviettes-z\/#breadcrumb\",\"itemListElement\":[{\"@type\":\"ListItem\",\"position\":1,\"name\":\"Portada\",\"item\":\"https:\/\/www.dosico.com\/\"},{\"@type\":\"ListItem\",\"position\":2,\"name\":\"Productos\",\"item\":\"https:\/\/www.dosico.com\/productos-2\/\"},{\"@type\":\"ListItem\",\"position\":3,\"name\":\"DISTRIBUTEUR D\u2019ESSUIE-MAINS FEUILLE \u00c0 FEUILLE ARES COULEUR BLANCHE\"}]},{\"@type\":\"WebSite\",\"@id\":\"https:\/\/www.dosico.com\/#website\",\"url\":\"https:\/\/www.dosico.com\/\",\"name\":\"Dosico\",\"description\":\"Fabricante de dispensadores de ba\u00f1o con m\u00e1s de 50 a\u00f1os en el mercado. A su servicio desde 1969.\",\"publisher\":{\"@id\":\"https:\/\/www.dosico.com\/#organization\"},\"potentialAction\":[{\"@type\":\"SearchAction\",\"target\":{\"@type\":\"EntryPoint\",\"urlTemplate\":\"https:\/\/www.dosico.com\/?s={search_term_string}\"},\"query-input\":{\"@type\":\"PropertyValueSpecification\",\"valueRequired\":true,\"valueName\":\"search_term_string\"}}],\"inLanguage\":\"fr-FR\"},{\"@type\":\"Organization\",\"@id\":\"https:\/\/www.dosico.com\/#organization\",\"name\":\"Dosico\",\"url\":\"https:\/\/www.dosico.com\/\",\"logo\":{\"@type\":\"ImageObject\",\"inLanguage\":\"fr-FR\",\"@id\":\"https:\/\/www.dosico.com\/#\/schema\/logo\/image\/\",\"url\":\"https:\/\/www.dosico.com\/wp-content\/uploads\/2021\/03\/NUEVO-LOGO-_pages-to-jpg-0001-e1684412588621.jpg\",\"contentUrl\":\"https:\/\/www.dosico.com\/wp-content\/uploads\/2021\/03\/NUEVO-LOGO-_pages-to-jpg-0001-e1684412588621.jpg\",\"width\":549,\"height\":313,\"caption\":\"Dosico\"},\"image\":{\"@id\":\"https:\/\/www.dosico.com\/#\/schema\/logo\/image\/\"},\"sameAs\":[\"https:\/\/www.instagram.com\/dosico.es\/\",\"https:\/\/www.youtube.com\/channel\/UCr_3x646VeXQDDu0vgnfK2w\",\"https:\/\/www.linkedin.com\/company\/dosico-s-l\/?viewAsMember=true\"]}]}<\/script>\n<!-- \/ Yoast SEO plugin. -->","yoast_head_json":{"title":"DISTRIBUTEUR D\u2019ESSUIE-MAINS FEUILLE \u00c0 FEUILLE ARES COULEUR BLANCHE - Dosico","description":"En Dosico fabricamos todos nuestros dispensadores en pl\u00e1stico ABS 100% reciclado.","robots":{"index":"index","follow":"follow","max-snippet":"max-snippet:-1","max-image-preview":"max-image-preview:large","max-video-preview":"max-video-preview:-1"},"canonical":"https:\/\/www.dosico.com\/fr\/producto\/distributeur-de-serviettes-z\/","og_locale":"fr_FR","og_type":"article","og_title":"DISTRIBUTEUR D\u2019ESSUIE-MAINS FEUILLE \u00c0 FEUILLE ARES COULEUR BLANCHE - Dosico","og_description":"En Dosico fabricamos todos nuestros dispensadores en pl\u00e1stico ABS 100% reciclado.","og_url":"https:\/\/www.dosico.com\/fr\/producto\/distributeur-de-serviettes-z\/","og_site_name":"Dosico","article_modified_time":"2023-10-19T09:00:35+00:00","og_image":[{"width":324,"height":324,"url":"https:\/\/www.dosico.com\/wp-content\/uploads\/2021\/04\/TP6100-sin-fondo.png","type":"image\/png"}],"twitter_card":"summary_large_image","twitter_misc":{"Dur\u00e9e de lecture estim\u00e9e":"1 minute"},"schema":{"@context":"https:\/\/schema.org","@graph":[{"@type":"WebPage","@id":"https:\/\/www.dosico.com\/fr\/producto\/distributeur-de-serviettes-z\/","url":"https:\/\/www.dosico.com\/fr\/producto\/distributeur-de-serviettes-z\/","name":"DISTRIBUTEUR D\u2019ESSUIE-MAINS FEUILLE \u00c0 FEUILLE ARES COULEUR BLANCHE - Dosico","isPartOf":{"@id":"https:\/\/www.dosico.com\/#website"},"primaryImageOfPage":{"@id":"https:\/\/www.dosico.com\/fr\/producto\/distributeur-de-serviettes-z\/#primaryimage"},"image":{"@id":"https:\/\/www.dosico.com\/fr\/producto\/distributeur-de-serviettes-z\/#primaryimage"},"thumbnailUrl":"https:\/\/www.dosico.com\/wp-content\/uploads\/2021\/04\/TP6100-sin-fondo.png","datePublished":"2021-04-12T20:03:17+00:00","dateModified":"2023-10-19T09:00:35+00:00","description":"En Dosico fabricamos todos nuestros dispensadores en pl\u00e1stico ABS 100% reciclado.","breadcrumb":{"@id":"https:\/\/www.dosico.com\/fr\/producto\/distributeur-de-serviettes-z\/#breadcrumb"},"inLanguage":"fr-FR","potentialAction":[{"@type":"ReadAction","target":["https:\/\/www.dosico.com\/fr\/producto\/distributeur-de-serviettes-z\/"]}]},{"@type":"ImageObject","inLanguage":"fr-FR","@id":"https:\/\/www.dosico.com\/fr\/producto\/distributeur-de-serviettes-z\/#primaryimage","url":"https:\/\/www.dosico.com\/wp-content\/uploads\/2021\/04\/TP6100-sin-fondo.png","contentUrl":"https:\/\/www.dosico.com\/wp-content\/uploads\/2021\/04\/TP6100-sin-fondo.png","width":324,"height":324},{"@type":"BreadcrumbList","@id":"https:\/\/www.dosico.com\/fr\/producto\/distributeur-de-serviettes-z\/#breadcrumb","itemListElement":[{"@type":"ListItem","position":1,"name":"Portada","item":"https:\/\/www.dosico.com\/"},{"@type":"ListItem","position":2,"name":"Productos","item":"https:\/\/www.dosico.com\/productos-2\/"},{"@type":"ListItem","position":3,"name":"DISTRIBUTEUR D\u2019ESSUIE-MAINS FEUILLE \u00c0 FEUILLE ARES COULEUR BLANCHE"}]},{"@type":"WebSite","@id":"https:\/\/www.dosico.com\/#website","url":"https:\/\/www.dosico.com\/","name":"Dosico","description":"Fabricante de dispensadores de ba\u00f1o con m\u00e1s de 50 a\u00f1os en el mercado. A su servicio desde 1969.","publisher":{"@id":"https:\/\/www.dosico.com\/#organization"},"potentialAction":[{"@type":"SearchAction","target":{"@type":"EntryPoint","urlTemplate":"https:\/\/www.dosico.com\/?s={search_term_string}"},"query-input":{"@type":"PropertyValueSpecification","valueRequired":true,"valueName":"search_term_string"}}],"inLanguage":"fr-FR"},{"@type":"Organization","@id":"https:\/\/www.dosico.com\/#organization","name":"Dosico","url":"https:\/\/www.dosico.com\/","logo":{"@type":"ImageObject","inLanguage":"fr-FR","@id":"https:\/\/www.dosico.com\/#\/schema\/logo\/image\/","url":"https:\/\/www.dosico.com\/wp-content\/uploads\/2021\/03\/NUEVO-LOGO-_pages-to-jpg-0001-e1684412588621.jpg","contentUrl":"https:\/\/www.dosico.com\/wp-content\/uploads\/2021\/03\/NUEVO-LOGO-_pages-to-jpg-0001-e1684412588621.jpg","width":549,"height":313,"caption":"Dosico"},"image":{"@id":"https:\/\/www.dosico.com\/#\/schema\/logo\/image\/"},"sameAs":["https:\/\/www.instagram.com\/dosico.es\/","https:\/\/www.youtube.com\/channel\/UCr_3x646VeXQDDu0vgnfK2w","https:\/\/www.linkedin.com\/company\/dosico-s-l\/?viewAsMember=true"]}]}},"_links":{"self":[{"href":"https:\/\/www.dosico.com\/fr\/wp-json\/wp\/v2\/product\/3541","targetHints":{"allow":["GET"]}}],"collection":[{"href":"https:\/\/www.dosico.com\/fr\/wp-json\/wp\/v2\/product"}],"about":[{"href":"https:\/\/www.dosico.com\/fr\/wp-json\/wp\/v2\/types\/product"}],"replies":[{"embeddable":true,"href":"https:\/\/www.dosico.com\/fr\/wp-json\/wp\/v2\/comments?post=3541"}],"wp:featuredmedia":[{"embeddable":true,"href":"https:\/\/www.dosico.com\/fr\/wp-json\/wp\/v2\/media\/4815"}],"wp:attachment":[{"href":"https:\/\/www.dosico.com\/fr\/wp-json\/wp\/v2\/media?parent=3541"}],"wp:term":[{"taxonomy":"product_brand","embeddable":true,"href":"https:\/\/www.dosico.com\/fr\/wp-json\/wp\/v2\/product_brand?post=3541"},{"taxonomy":"product_cat","embeddable":true,"href":"https:\/\/www.dosico.com\/fr\/wp-json\/wp\/v2\/product_cat?post=3541"},{"taxonomy":"product_tag","embeddable":true,"href":"https:\/\/www.dosico.com\/fr\/wp-json\/wp\/v2\/product_tag?post=3541"}],"curies":[{"name":"wp","href":"https:\/\/api.w.org\/{rel}","templated":true}]}}