{"id":3665,"date":"2021-05-05T13:44:53","date_gmt":"2021-05-05T13:44:53","guid":{"rendered":"https:\/\/www.dosico.com\/producto\/compresseur-a-pedale-gris-reference-080101\/"},"modified":"2024-05-27T13:49:11","modified_gmt":"2024-05-27T13:49:11","slug":"compresse-pedale-gris","status":"publish","type":"product","link":"https:\/\/www.dosico.com\/fr\/producto\/compresse-pedale-gris\/","title":{"rendered":"COUSSIN DE COMPRESSION DE LA P\u00c9DALE GRIS"},"content":{"rendered":"<ul>\n<li>Plastique ABS et polypropyl\u00e8ne<\/li>\n<li>couleur blanc et gris<\/li>\n<li>Capacit\u00e9 28L<\/li>\n<\/ul>\n","protected":false},"excerpt":{"rendered":"<p>R\u00e9f\u00e9rence : 080101<\/p>\n","protected":false},"featured_media":3008,"comment_status":"open","ping_status":"closed","template":"","meta":{"_acf_changed":false,"_joinchat":[]},"product_brand":[],"product_cat":[113],"product_tag":[],"class_list":{"0":"post-3665","1":"product","2":"type-product","3":"status-publish","4":"has-post-thumbnail","6":"product_cat-accessoires","8":"first","9":"instock","10":"shipping-taxable","11":"product-type-simple"},"acf":[],"yoast_head":"<!-- This site is optimized with the Yoast SEO plugin v27.2 - https:\/\/yoast.com\/product\/yoast-seo-wordpress\/ -->\n<title>COUSSIN DE COMPRESSION DE LA P\u00c9DALE GRIS - Dosico<\/title>\n<meta name=\"description\" content=\"En Dosico fabricamos todos nuestros dispensadores en pl\u00e1stico ABS 100% reciclado.\" \/>\n<meta name=\"robots\" content=\"index, follow, max-snippet:-1, max-image-preview:large, max-video-preview:-1\" \/>\n<link rel=\"canonical\" href=\"https:\/\/www.dosico.com\/fr\/producto\/compresse-pedale-gris\/\" \/>\n<meta property=\"og:locale\" content=\"fr_FR\" \/>\n<meta property=\"og:type\" content=\"article\" \/>\n<meta property=\"og:title\" content=\"COUSSIN DE COMPRESSION DE LA P\u00c9DALE GRIS - Dosico\" \/>\n<meta property=\"og:description\" content=\"En Dosico fabricamos todos nuestros dispensadores en pl\u00e1stico ABS 100% reciclado.\" \/>\n<meta property=\"og:url\" content=\"https:\/\/www.dosico.com\/fr\/producto\/compresse-pedale-gris\/\" \/>\n<meta property=\"og:site_name\" content=\"Dosico\" \/>\n<meta property=\"article:modified_time\" content=\"2024-05-27T13:49:11+00:00\" \/>\n<meta property=\"og:image\" content=\"https:\/\/www.dosico.com\/wp-content\/uploads\/2021\/05\/080101.png\" \/>\n\t<meta property=\"og:image:width\" content=\"376\" \/>\n\t<meta property=\"og:image:height\" content=\"424\" \/>\n\t<meta property=\"og:image:type\" content=\"image\/png\" \/>\n<meta name=\"twitter:card\" content=\"summary_large_image\" \/>\n<script type=\"application\/ld+json\" class=\"yoast-schema-graph\">{\"@context\":\"https:\/\/schema.org\",\"@graph\":[{\"@type\":\"WebPage\",\"@id\":\"https:\/\/www.dosico.com\/fr\/producto\/compresse-pedale-gris\/\",\"url\":\"https:\/\/www.dosico.com\/fr\/producto\/compresse-pedale-gris\/\",\"name\":\"COUSSIN DE COMPRESSION DE LA P\u00c9DALE GRIS - Dosico\",\"isPartOf\":{\"@id\":\"https:\/\/www.dosico.com\/#website\"},\"primaryImageOfPage\":{\"@id\":\"https:\/\/www.dosico.com\/fr\/producto\/compresse-pedale-gris\/#primaryimage\"},\"image\":{\"@id\":\"https:\/\/www.dosico.com\/fr\/producto\/compresse-pedale-gris\/#primaryimage\"},\"thumbnailUrl\":\"https:\/\/www.dosico.com\/wp-content\/uploads\/2021\/05\/080101.png\",\"datePublished\":\"2021-05-05T13:44:53+00:00\",\"dateModified\":\"2024-05-27T13:49:11+00:00\",\"description\":\"En Dosico fabricamos todos nuestros dispensadores en pl\u00e1stico ABS 100% reciclado.\",\"breadcrumb\":{\"@id\":\"https:\/\/www.dosico.com\/fr\/producto\/compresse-pedale-gris\/#breadcrumb\"},\"inLanguage\":\"fr-FR\",\"potentialAction\":[{\"@type\":\"ReadAction\",\"target\":[\"https:\/\/www.dosico.com\/fr\/producto\/compresse-pedale-gris\/\"]}]},{\"@type\":\"ImageObject\",\"inLanguage\":\"fr-FR\",\"@id\":\"https:\/\/www.dosico.com\/fr\/producto\/compresse-pedale-gris\/#primaryimage\",\"url\":\"https:\/\/www.dosico.com\/wp-content\/uploads\/2021\/05\/080101.png\",\"contentUrl\":\"https:\/\/www.dosico.com\/wp-content\/uploads\/2021\/05\/080101.png\",\"width\":376,\"height\":424},{\"@type\":\"BreadcrumbList\",\"@id\":\"https:\/\/www.dosico.com\/fr\/producto\/compresse-pedale-gris\/#breadcrumb\",\"itemListElement\":[{\"@type\":\"ListItem\",\"position\":1,\"name\":\"Portada\",\"item\":\"https:\/\/www.dosico.com\/\"},{\"@type\":\"ListItem\",\"position\":2,\"name\":\"Productos\",\"item\":\"https:\/\/www.dosico.com\/productos-2\/\"},{\"@type\":\"ListItem\",\"position\":3,\"name\":\"COUSSIN DE COMPRESSION DE LA P\u00c9DALE GRIS\"}]},{\"@type\":\"WebSite\",\"@id\":\"https:\/\/www.dosico.com\/#website\",\"url\":\"https:\/\/www.dosico.com\/\",\"name\":\"Dosico\",\"description\":\"Fabricante de dispensadores de ba\u00f1o con m\u00e1s de 50 a\u00f1os en el mercado. A su servicio desde 1969.\",\"publisher\":{\"@id\":\"https:\/\/www.dosico.com\/#organization\"},\"potentialAction\":[{\"@type\":\"SearchAction\",\"target\":{\"@type\":\"EntryPoint\",\"urlTemplate\":\"https:\/\/www.dosico.com\/?s={search_term_string}\"},\"query-input\":{\"@type\":\"PropertyValueSpecification\",\"valueRequired\":true,\"valueName\":\"search_term_string\"}}],\"inLanguage\":\"fr-FR\"},{\"@type\":\"Organization\",\"@id\":\"https:\/\/www.dosico.com\/#organization\",\"name\":\"Dosico\",\"url\":\"https:\/\/www.dosico.com\/\",\"logo\":{\"@type\":\"ImageObject\",\"inLanguage\":\"fr-FR\",\"@id\":\"https:\/\/www.dosico.com\/#\/schema\/logo\/image\/\",\"url\":\"https:\/\/www.dosico.com\/wp-content\/uploads\/2021\/03\/NUEVO-LOGO-_pages-to-jpg-0001-e1684412588621.jpg\",\"contentUrl\":\"https:\/\/www.dosico.com\/wp-content\/uploads\/2021\/03\/NUEVO-LOGO-_pages-to-jpg-0001-e1684412588621.jpg\",\"width\":549,\"height\":313,\"caption\":\"Dosico\"},\"image\":{\"@id\":\"https:\/\/www.dosico.com\/#\/schema\/logo\/image\/\"},\"sameAs\":[\"https:\/\/www.instagram.com\/dosico.es\/\",\"https:\/\/www.youtube.com\/channel\/UCr_3x646VeXQDDu0vgnfK2w\",\"https:\/\/www.linkedin.com\/company\/dosico-s-l\/?viewAsMember=true\"]}]}<\/script>\n<!-- \/ Yoast SEO plugin. -->","yoast_head_json":{"title":"COUSSIN DE COMPRESSION DE LA P\u00c9DALE GRIS - Dosico","description":"En Dosico fabricamos todos nuestros dispensadores en pl\u00e1stico ABS 100% reciclado.","robots":{"index":"index","follow":"follow","max-snippet":"max-snippet:-1","max-image-preview":"max-image-preview:large","max-video-preview":"max-video-preview:-1"},"canonical":"https:\/\/www.dosico.com\/fr\/producto\/compresse-pedale-gris\/","og_locale":"fr_FR","og_type":"article","og_title":"COUSSIN DE COMPRESSION DE LA P\u00c9DALE GRIS - Dosico","og_description":"En Dosico fabricamos todos nuestros dispensadores en pl\u00e1stico ABS 100% reciclado.","og_url":"https:\/\/www.dosico.com\/fr\/producto\/compresse-pedale-gris\/","og_site_name":"Dosico","article_modified_time":"2024-05-27T13:49:11+00:00","og_image":[{"width":376,"height":424,"url":"https:\/\/www.dosico.com\/wp-content\/uploads\/2021\/05\/080101.png","type":"image\/png"}],"twitter_card":"summary_large_image","schema":{"@context":"https:\/\/schema.org","@graph":[{"@type":"WebPage","@id":"https:\/\/www.dosico.com\/fr\/producto\/compresse-pedale-gris\/","url":"https:\/\/www.dosico.com\/fr\/producto\/compresse-pedale-gris\/","name":"COUSSIN DE COMPRESSION DE LA P\u00c9DALE GRIS - Dosico","isPartOf":{"@id":"https:\/\/www.dosico.com\/#website"},"primaryImageOfPage":{"@id":"https:\/\/www.dosico.com\/fr\/producto\/compresse-pedale-gris\/#primaryimage"},"image":{"@id":"https:\/\/www.dosico.com\/fr\/producto\/compresse-pedale-gris\/#primaryimage"},"thumbnailUrl":"https:\/\/www.dosico.com\/wp-content\/uploads\/2021\/05\/080101.png","datePublished":"2021-05-05T13:44:53+00:00","dateModified":"2024-05-27T13:49:11+00:00","description":"En Dosico fabricamos todos nuestros dispensadores en pl\u00e1stico ABS 100% reciclado.","breadcrumb":{"@id":"https:\/\/www.dosico.com\/fr\/producto\/compresse-pedale-gris\/#breadcrumb"},"inLanguage":"fr-FR","potentialAction":[{"@type":"ReadAction","target":["https:\/\/www.dosico.com\/fr\/producto\/compresse-pedale-gris\/"]}]},{"@type":"ImageObject","inLanguage":"fr-FR","@id":"https:\/\/www.dosico.com\/fr\/producto\/compresse-pedale-gris\/#primaryimage","url":"https:\/\/www.dosico.com\/wp-content\/uploads\/2021\/05\/080101.png","contentUrl":"https:\/\/www.dosico.com\/wp-content\/uploads\/2021\/05\/080101.png","width":376,"height":424},{"@type":"BreadcrumbList","@id":"https:\/\/www.dosico.com\/fr\/producto\/compresse-pedale-gris\/#breadcrumb","itemListElement":[{"@type":"ListItem","position":1,"name":"Portada","item":"https:\/\/www.dosico.com\/"},{"@type":"ListItem","position":2,"name":"Productos","item":"https:\/\/www.dosico.com\/productos-2\/"},{"@type":"ListItem","position":3,"name":"COUSSIN DE COMPRESSION DE LA P\u00c9DALE GRIS"}]},{"@type":"WebSite","@id":"https:\/\/www.dosico.com\/#website","url":"https:\/\/www.dosico.com\/","name":"Dosico","description":"Fabricante de dispensadores de ba\u00f1o con m\u00e1s de 50 a\u00f1os en el mercado. A su servicio desde 1969.","publisher":{"@id":"https:\/\/www.dosico.com\/#organization"},"potentialAction":[{"@type":"SearchAction","target":{"@type":"EntryPoint","urlTemplate":"https:\/\/www.dosico.com\/?s={search_term_string}"},"query-input":{"@type":"PropertyValueSpecification","valueRequired":true,"valueName":"search_term_string"}}],"inLanguage":"fr-FR"},{"@type":"Organization","@id":"https:\/\/www.dosico.com\/#organization","name":"Dosico","url":"https:\/\/www.dosico.com\/","logo":{"@type":"ImageObject","inLanguage":"fr-FR","@id":"https:\/\/www.dosico.com\/#\/schema\/logo\/image\/","url":"https:\/\/www.dosico.com\/wp-content\/uploads\/2021\/03\/NUEVO-LOGO-_pages-to-jpg-0001-e1684412588621.jpg","contentUrl":"https:\/\/www.dosico.com\/wp-content\/uploads\/2021\/03\/NUEVO-LOGO-_pages-to-jpg-0001-e1684412588621.jpg","width":549,"height":313,"caption":"Dosico"},"image":{"@id":"https:\/\/www.dosico.com\/#\/schema\/logo\/image\/"},"sameAs":["https:\/\/www.instagram.com\/dosico.es\/","https:\/\/www.youtube.com\/channel\/UCr_3x646VeXQDDu0vgnfK2w","https:\/\/www.linkedin.com\/company\/dosico-s-l\/?viewAsMember=true"]}]}},"_links":{"self":[{"href":"https:\/\/www.dosico.com\/fr\/wp-json\/wp\/v2\/product\/3665","targetHints":{"allow":["GET"]}}],"collection":[{"href":"https:\/\/www.dosico.com\/fr\/wp-json\/wp\/v2\/product"}],"about":[{"href":"https:\/\/www.dosico.com\/fr\/wp-json\/wp\/v2\/types\/product"}],"replies":[{"embeddable":true,"href":"https:\/\/www.dosico.com\/fr\/wp-json\/wp\/v2\/comments?post=3665"}],"wp:featuredmedia":[{"embeddable":true,"href":"https:\/\/www.dosico.com\/fr\/wp-json\/wp\/v2\/media\/3008"}],"wp:attachment":[{"href":"https:\/\/www.dosico.com\/fr\/wp-json\/wp\/v2\/media?parent=3665"}],"wp:term":[{"taxonomy":"product_brand","embeddable":true,"href":"https:\/\/www.dosico.com\/fr\/wp-json\/wp\/v2\/product_brand?post=3665"},{"taxonomy":"product_cat","embeddable":true,"href":"https:\/\/www.dosico.com\/fr\/wp-json\/wp\/v2\/product_cat?post=3665"},{"taxonomy":"product_tag","embeddable":true,"href":"https:\/\/www.dosico.com\/fr\/wp-json\/wp\/v2\/product_tag?post=3665"}],"curies":[{"name":"wp","href":"https:\/\/api.w.org\/{rel}","templated":true}]}}