{"id":4041,"date":"2022-09-07T07:28:46","date_gmt":"2022-09-07T07:28:46","guid":{"rendered":"https:\/\/www.dosico.com\/?post_type=product&#038;p=4041"},"modified":"2023-10-19T07:13:38","modified_gmt":"2023-10-19T07:13:38","slug":"ares-pure-white-port-development-central-extraction-reference-pp2501","status":"publish","type":"product","link":"https:\/\/www.dosico.com\/fr\/producto\/ares-pure-white-port-development-central-extraction-reference-pp2501\/","title":{"rendered":"ISTRIBUTEUR DE PAPIER HYGI\u00c9NIQUE \u00c0 D\u00c9VIDAGE CENTRAL ARES BLANC PUR"},"content":{"rendered":"<p>Distributeur de papier toilette en plastique ABS 100% recyclable et avec une visi\u00e8re en polycarbonate.<\/p>\n<p>Gr\u00e2ce \u00e0 sa composition, ce produit r\u00e9siste aux chocs et aux changements de temp\u00e9rature. Le papier est distribu\u00e9 par la partie centrale et une coupe parfaite est r\u00e9alis\u00e9e gr\u00e2ce \u00e0 un syst\u00e8me innovant ax\u00e9 sur la r\u00e9duction des d\u00e9chets de papier. Le couvercle s&rsquo;ouvre facilement et le papier se charge rapidement et facilement. Sa capacit\u00e9 est de \u00d820 CM et il dispose d&rsquo;une serrure de s\u00e9curit\u00e9 avec cl\u00e9.<\/p>\n<p>Le distributeur de papier toilette \u00e0 extraction centrale fait partie de la gamme de distributeurs Ares qui, gr\u00e2ce \u00e0 son design polyvalent et innovant, est l&rsquo;\u00e9l\u00e9ment parfait pour meubler n&rsquo;importe quel espace, en cr\u00e9ant une atmosph\u00e8re chaleureuse, personnelle et avant-gardiste.<\/p>\n<p>*Visi\u00e8re disponible en diff\u00e9rentes couleurs.<br \/>\n<strong>Finition Blanche-Neige. <\/strong><\/p>\n<p><a style=\"font-size: 12px; margin-left: -35px;\" href=\"https:\/\/www.dosico.com\/wp-content\/uploads\/2023\/07\/Ficha-Tecnica-PP2501-new-ean.pdf\">Fiche technique<\/a><a href=\"https:\/\/www.dosico.com\/wp-content\/uploads\/2023\/07\/Ficha-Tecnica-PP2501-new-ean.pdf\"><img decoding=\"async\" class=\"alignleft wp-image-346\" src=\"https:\/\/www.dosico.com\/wp-content\/uploads\/2021\/03\/pdf-300x300.png\" alt=\"\" width=\"22\" height=\"22\" srcset=\"https:\/\/www.dosico.com\/wp-content\/uploads\/2021\/03\/pdf-300x300.png 300w, https:\/\/www.dosico.com\/wp-content\/uploads\/2021\/03\/pdf-150x150.png 150w, https:\/\/www.dosico.com\/wp-content\/uploads\/2021\/03\/pdf-450x450.png 450w, https:\/\/www.dosico.com\/wp-content\/uploads\/2021\/03\/pdf-100x100.png 100w, https:\/\/www.dosico.com\/wp-content\/uploads\/2021\/03\/pdf-64x64.png 64w, https:\/\/www.dosico.com\/wp-content\/uploads\/2021\/03\/pdf.png 512w\" sizes=\"(max-width: 22px) 100vw, 22px\" \/><\/a><\/p>\n","protected":false},"excerpt":{"rendered":"<p>N\u00b0 de r\u00e9f. : PP2501<\/p>\n","protected":false},"featured_media":4044,"comment_status":"open","ping_status":"closed","template":"","meta":{"_acf_changed":false,"_joinchat":[]},"product_brand":[],"product_cat":[105],"product_tag":[128],"class_list":{"0":"post-4041","1":"product","2":"type-product","3":"status-publish","4":"has-post-thumbnail","6":"product_cat-ares-blanc-pur","7":"product_tag-pp2501-fr","9":"first","10":"instock","11":"shipping-taxable","12":"product-type-simple"},"acf":[],"yoast_head":"<!-- This site is optimized with the Yoast SEO plugin v27.2 - https:\/\/yoast.com\/product\/yoast-seo-wordpress\/ -->\n<title>ISTRIBUTEUR DE PAPIER HYGI\u00c9NIQUE \u00c0 D\u00c9VIDAGE CENTRAL ARES BLANC PUR - Dosico<\/title>\n<meta name=\"description\" content=\"En Dosico fabricamos todos nuestros dispensadores en pl\u00e1stico ABS 100% reciclado.\" \/>\n<meta name=\"robots\" content=\"index, follow, max-snippet:-1, max-image-preview:large, max-video-preview:-1\" \/>\n<link rel=\"canonical\" href=\"https:\/\/www.dosico.com\/fr\/producto\/ares-pure-white-port-development-central-extraction-reference-pp2501\/\" \/>\n<meta property=\"og:locale\" content=\"fr_FR\" \/>\n<meta property=\"og:type\" content=\"article\" \/>\n<meta property=\"og:title\" content=\"ISTRIBUTEUR DE PAPIER HYGI\u00c9NIQUE \u00c0 D\u00c9VIDAGE CENTRAL ARES BLANC PUR - Dosico\" \/>\n<meta property=\"og:description\" content=\"En Dosico fabricamos todos nuestros dispensadores en pl\u00e1stico ABS 100% reciclado.\" \/>\n<meta property=\"og:url\" content=\"https:\/\/www.dosico.com\/fr\/producto\/ares-pure-white-port-development-central-extraction-reference-pp2501\/\" \/>\n<meta property=\"og:site_name\" content=\"Dosico\" \/>\n<meta property=\"article:modified_time\" content=\"2023-10-19T07:13:38+00:00\" \/>\n<meta property=\"og:image\" content=\"https:\/\/www.dosico.com\/wp-content\/uploads\/2022\/09\/RODO-BLANC-0-683x1024.png\" \/>\n\t<meta property=\"og:image:width\" content=\"683\" \/>\n\t<meta property=\"og:image:height\" content=\"1024\" \/>\n\t<meta property=\"og:image:type\" content=\"image\/png\" \/>\n<meta name=\"twitter:card\" content=\"summary_large_image\" \/>\n<meta name=\"twitter:label1\" content=\"Dur\u00e9e de lecture estim\u00e9e\" \/>\n\t<meta name=\"twitter:data1\" content=\"1 minute\" \/>\n<script type=\"application\/ld+json\" class=\"yoast-schema-graph\">{\"@context\":\"https:\/\/schema.org\",\"@graph\":[{\"@type\":\"WebPage\",\"@id\":\"https:\/\/www.dosico.com\/fr\/producto\/ares-pure-white-port-development-central-extraction-reference-pp2501\/\",\"url\":\"https:\/\/www.dosico.com\/fr\/producto\/ares-pure-white-port-development-central-extraction-reference-pp2501\/\",\"name\":\"ISTRIBUTEUR DE PAPIER HYGI\u00c9NIQUE \u00c0 D\u00c9VIDAGE CENTRAL ARES BLANC PUR - Dosico\",\"isPartOf\":{\"@id\":\"https:\/\/www.dosico.com\/#website\"},\"primaryImageOfPage\":{\"@id\":\"https:\/\/www.dosico.com\/fr\/producto\/ares-pure-white-port-development-central-extraction-reference-pp2501\/#primaryimage\"},\"image\":{\"@id\":\"https:\/\/www.dosico.com\/fr\/producto\/ares-pure-white-port-development-central-extraction-reference-pp2501\/#primaryimage\"},\"thumbnailUrl\":\"https:\/\/www.dosico.com\/wp-content\/uploads\/2022\/09\/RODO-BLANC-0.png\",\"datePublished\":\"2022-09-07T07:28:46+00:00\",\"dateModified\":\"2023-10-19T07:13:38+00:00\",\"description\":\"En Dosico fabricamos todos nuestros dispensadores en pl\u00e1stico ABS 100% reciclado.\",\"breadcrumb\":{\"@id\":\"https:\/\/www.dosico.com\/fr\/producto\/ares-pure-white-port-development-central-extraction-reference-pp2501\/#breadcrumb\"},\"inLanguage\":\"fr-FR\",\"potentialAction\":[{\"@type\":\"ReadAction\",\"target\":[\"https:\/\/www.dosico.com\/fr\/producto\/ares-pure-white-port-development-central-extraction-reference-pp2501\/\"]}]},{\"@type\":\"ImageObject\",\"inLanguage\":\"fr-FR\",\"@id\":\"https:\/\/www.dosico.com\/fr\/producto\/ares-pure-white-port-development-central-extraction-reference-pp2501\/#primaryimage\",\"url\":\"https:\/\/www.dosico.com\/wp-content\/uploads\/2022\/09\/RODO-BLANC-0.png\",\"contentUrl\":\"https:\/\/www.dosico.com\/wp-content\/uploads\/2022\/09\/RODO-BLANC-0.png\",\"width\":4160,\"height\":6240},{\"@type\":\"BreadcrumbList\",\"@id\":\"https:\/\/www.dosico.com\/fr\/producto\/ares-pure-white-port-development-central-extraction-reference-pp2501\/#breadcrumb\",\"itemListElement\":[{\"@type\":\"ListItem\",\"position\":1,\"name\":\"Portada\",\"item\":\"https:\/\/www.dosico.com\/\"},{\"@type\":\"ListItem\",\"position\":2,\"name\":\"Productos\",\"item\":\"https:\/\/www.dosico.com\/productos-2\/\"},{\"@type\":\"ListItem\",\"position\":3,\"name\":\"ISTRIBUTEUR DE PAPIER HYGI\u00c9NIQUE \u00c0 D\u00c9VIDAGE CENTRAL ARES BLANC PUR\"}]},{\"@type\":\"WebSite\",\"@id\":\"https:\/\/www.dosico.com\/#website\",\"url\":\"https:\/\/www.dosico.com\/\",\"name\":\"Dosico\",\"description\":\"Fabricante de dispensadores de ba\u00f1o con m\u00e1s de 50 a\u00f1os en el mercado. A su servicio desde 1969.\",\"publisher\":{\"@id\":\"https:\/\/www.dosico.com\/#organization\"},\"potentialAction\":[{\"@type\":\"SearchAction\",\"target\":{\"@type\":\"EntryPoint\",\"urlTemplate\":\"https:\/\/www.dosico.com\/?s={search_term_string}\"},\"query-input\":{\"@type\":\"PropertyValueSpecification\",\"valueRequired\":true,\"valueName\":\"search_term_string\"}}],\"inLanguage\":\"fr-FR\"},{\"@type\":\"Organization\",\"@id\":\"https:\/\/www.dosico.com\/#organization\",\"name\":\"Dosico\",\"url\":\"https:\/\/www.dosico.com\/\",\"logo\":{\"@type\":\"ImageObject\",\"inLanguage\":\"fr-FR\",\"@id\":\"https:\/\/www.dosico.com\/#\/schema\/logo\/image\/\",\"url\":\"https:\/\/www.dosico.com\/wp-content\/uploads\/2021\/03\/NUEVO-LOGO-_pages-to-jpg-0001-e1684412588621.jpg\",\"contentUrl\":\"https:\/\/www.dosico.com\/wp-content\/uploads\/2021\/03\/NUEVO-LOGO-_pages-to-jpg-0001-e1684412588621.jpg\",\"width\":549,\"height\":313,\"caption\":\"Dosico\"},\"image\":{\"@id\":\"https:\/\/www.dosico.com\/#\/schema\/logo\/image\/\"},\"sameAs\":[\"https:\/\/www.instagram.com\/dosico.es\/\",\"https:\/\/www.youtube.com\/channel\/UCr_3x646VeXQDDu0vgnfK2w\",\"https:\/\/www.linkedin.com\/company\/dosico-s-l\/?viewAsMember=true\"]}]}<\/script>\n<!-- \/ Yoast SEO plugin. -->","yoast_head_json":{"title":"ISTRIBUTEUR DE PAPIER HYGI\u00c9NIQUE \u00c0 D\u00c9VIDAGE CENTRAL ARES BLANC PUR - Dosico","description":"En Dosico fabricamos todos nuestros dispensadores en pl\u00e1stico ABS 100% reciclado.","robots":{"index":"index","follow":"follow","max-snippet":"max-snippet:-1","max-image-preview":"max-image-preview:large","max-video-preview":"max-video-preview:-1"},"canonical":"https:\/\/www.dosico.com\/fr\/producto\/ares-pure-white-port-development-central-extraction-reference-pp2501\/","og_locale":"fr_FR","og_type":"article","og_title":"ISTRIBUTEUR DE PAPIER HYGI\u00c9NIQUE \u00c0 D\u00c9VIDAGE CENTRAL ARES BLANC PUR - Dosico","og_description":"En Dosico fabricamos todos nuestros dispensadores en pl\u00e1stico ABS 100% reciclado.","og_url":"https:\/\/www.dosico.com\/fr\/producto\/ares-pure-white-port-development-central-extraction-reference-pp2501\/","og_site_name":"Dosico","article_modified_time":"2023-10-19T07:13:38+00:00","og_image":[{"width":683,"height":1024,"url":"https:\/\/www.dosico.com\/wp-content\/uploads\/2022\/09\/RODO-BLANC-0-683x1024.png","type":"image\/png"}],"twitter_card":"summary_large_image","twitter_misc":{"Dur\u00e9e de lecture estim\u00e9e":"1 minute"},"schema":{"@context":"https:\/\/schema.org","@graph":[{"@type":"WebPage","@id":"https:\/\/www.dosico.com\/fr\/producto\/ares-pure-white-port-development-central-extraction-reference-pp2501\/","url":"https:\/\/www.dosico.com\/fr\/producto\/ares-pure-white-port-development-central-extraction-reference-pp2501\/","name":"ISTRIBUTEUR DE PAPIER HYGI\u00c9NIQUE \u00c0 D\u00c9VIDAGE CENTRAL ARES BLANC PUR - Dosico","isPartOf":{"@id":"https:\/\/www.dosico.com\/#website"},"primaryImageOfPage":{"@id":"https:\/\/www.dosico.com\/fr\/producto\/ares-pure-white-port-development-central-extraction-reference-pp2501\/#primaryimage"},"image":{"@id":"https:\/\/www.dosico.com\/fr\/producto\/ares-pure-white-port-development-central-extraction-reference-pp2501\/#primaryimage"},"thumbnailUrl":"https:\/\/www.dosico.com\/wp-content\/uploads\/2022\/09\/RODO-BLANC-0.png","datePublished":"2022-09-07T07:28:46+00:00","dateModified":"2023-10-19T07:13:38+00:00","description":"En Dosico fabricamos todos nuestros dispensadores en pl\u00e1stico ABS 100% reciclado.","breadcrumb":{"@id":"https:\/\/www.dosico.com\/fr\/producto\/ares-pure-white-port-development-central-extraction-reference-pp2501\/#breadcrumb"},"inLanguage":"fr-FR","potentialAction":[{"@type":"ReadAction","target":["https:\/\/www.dosico.com\/fr\/producto\/ares-pure-white-port-development-central-extraction-reference-pp2501\/"]}]},{"@type":"ImageObject","inLanguage":"fr-FR","@id":"https:\/\/www.dosico.com\/fr\/producto\/ares-pure-white-port-development-central-extraction-reference-pp2501\/#primaryimage","url":"https:\/\/www.dosico.com\/wp-content\/uploads\/2022\/09\/RODO-BLANC-0.png","contentUrl":"https:\/\/www.dosico.com\/wp-content\/uploads\/2022\/09\/RODO-BLANC-0.png","width":4160,"height":6240},{"@type":"BreadcrumbList","@id":"https:\/\/www.dosico.com\/fr\/producto\/ares-pure-white-port-development-central-extraction-reference-pp2501\/#breadcrumb","itemListElement":[{"@type":"ListItem","position":1,"name":"Portada","item":"https:\/\/www.dosico.com\/"},{"@type":"ListItem","position":2,"name":"Productos","item":"https:\/\/www.dosico.com\/productos-2\/"},{"@type":"ListItem","position":3,"name":"ISTRIBUTEUR DE PAPIER HYGI\u00c9NIQUE \u00c0 D\u00c9VIDAGE CENTRAL ARES BLANC PUR"}]},{"@type":"WebSite","@id":"https:\/\/www.dosico.com\/#website","url":"https:\/\/www.dosico.com\/","name":"Dosico","description":"Fabricante de dispensadores de ba\u00f1o con m\u00e1s de 50 a\u00f1os en el mercado. A su servicio desde 1969.","publisher":{"@id":"https:\/\/www.dosico.com\/#organization"},"potentialAction":[{"@type":"SearchAction","target":{"@type":"EntryPoint","urlTemplate":"https:\/\/www.dosico.com\/?s={search_term_string}"},"query-input":{"@type":"PropertyValueSpecification","valueRequired":true,"valueName":"search_term_string"}}],"inLanguage":"fr-FR"},{"@type":"Organization","@id":"https:\/\/www.dosico.com\/#organization","name":"Dosico","url":"https:\/\/www.dosico.com\/","logo":{"@type":"ImageObject","inLanguage":"fr-FR","@id":"https:\/\/www.dosico.com\/#\/schema\/logo\/image\/","url":"https:\/\/www.dosico.com\/wp-content\/uploads\/2021\/03\/NUEVO-LOGO-_pages-to-jpg-0001-e1684412588621.jpg","contentUrl":"https:\/\/www.dosico.com\/wp-content\/uploads\/2021\/03\/NUEVO-LOGO-_pages-to-jpg-0001-e1684412588621.jpg","width":549,"height":313,"caption":"Dosico"},"image":{"@id":"https:\/\/www.dosico.com\/#\/schema\/logo\/image\/"},"sameAs":["https:\/\/www.instagram.com\/dosico.es\/","https:\/\/www.youtube.com\/channel\/UCr_3x646VeXQDDu0vgnfK2w","https:\/\/www.linkedin.com\/company\/dosico-s-l\/?viewAsMember=true"]}]}},"_links":{"self":[{"href":"https:\/\/www.dosico.com\/fr\/wp-json\/wp\/v2\/product\/4041","targetHints":{"allow":["GET"]}}],"collection":[{"href":"https:\/\/www.dosico.com\/fr\/wp-json\/wp\/v2\/product"}],"about":[{"href":"https:\/\/www.dosico.com\/fr\/wp-json\/wp\/v2\/types\/product"}],"replies":[{"embeddable":true,"href":"https:\/\/www.dosico.com\/fr\/wp-json\/wp\/v2\/comments?post=4041"}],"wp:featuredmedia":[{"embeddable":true,"href":"https:\/\/www.dosico.com\/fr\/wp-json\/wp\/v2\/media\/4044"}],"wp:attachment":[{"href":"https:\/\/www.dosico.com\/fr\/wp-json\/wp\/v2\/media?parent=4041"}],"wp:term":[{"taxonomy":"product_brand","embeddable":true,"href":"https:\/\/www.dosico.com\/fr\/wp-json\/wp\/v2\/product_brand?post=4041"},{"taxonomy":"product_cat","embeddable":true,"href":"https:\/\/www.dosico.com\/fr\/wp-json\/wp\/v2\/product_cat?post=4041"},{"taxonomy":"product_tag","embeddable":true,"href":"https:\/\/www.dosico.com\/fr\/wp-json\/wp\/v2\/product_tag?post=4041"}],"curies":[{"name":"wp","href":"https:\/\/api.w.org\/{rel}","templated":true}]}}