{"id":4062,"date":"2022-09-07T07:43:38","date_gmt":"2022-09-07T07:43:38","guid":{"rendered":"https:\/\/www.dosico.com\/?post_type=product&#038;p=4062"},"modified":"2024-11-04T16:15:39","modified_gmt":"2024-11-04T16:15:39","slug":"ares-black-velvet-port-de-developpement-extraction-centrale-reference-pp2504","status":"publish","type":"product","link":"https:\/\/www.dosico.com\/fr\/producto\/ares-black-velvet-port-de-developpement-extraction-centrale-reference-pp2504\/","title":{"rendered":"PORTE-ROULEAU D&rsquo;EXTRACTION CENTRALE ARES VELOURS NOIR"},"content":{"rendered":"<p>Distributeur de papier toilette en plastique ABS 100% recyclable et avec une visi\u00e8re en polycarbonate.<\/p>\n<p>Gr\u00e2ce \u00e0 sa composition, ce produit r\u00e9siste aux chocs et aux changements de temp\u00e9rature. Le papier est distribu\u00e9 par la partie centrale et une coupe parfaite est r\u00e9alis\u00e9e gr\u00e2ce \u00e0 un syst\u00e8me innovant ax\u00e9 sur la r\u00e9duction des d\u00e9chets de papier. Le couvercle s&rsquo;ouvre facilement et le papier se charge rapidement et facilement. Sa capacit\u00e9 est de \u00d820 CM et il dispose d&rsquo;une serrure de s\u00e9curit\u00e9 avec cl\u00e9.<\/p>\n<p>Le distributeur de papier toilette \u00e0 extraction centrale fait partie de la gamme de distributeurs Ares qui, gr\u00e2ce \u00e0 son design polyvalent et innovant, est l&rsquo;\u00e9l\u00e9ment parfait pour meubler n&rsquo;importe quel espace, en cr\u00e9ant une atmosph\u00e8re chaleureuse, personnelle et avant-gardiste.<\/p>\n<p>&nbsp;<\/p>\n<p>*Visi\u00e8re disponible en diff\u00e9rentes couleurs.<br \/>\n<strong>Finition velours noir. <\/strong><\/p>\n","protected":false},"excerpt":{"rendered":"<p>N\u00b0 de r\u00e9f. : PP2504<\/p>\n","protected":false},"featured_media":4059,"comment_status":"open","ping_status":"closed","template":"","meta":{"_acf_changed":false,"_joinchat":[]},"product_brand":[],"product_cat":[107],"product_tag":[],"class_list":{"0":"post-4062","1":"product","2":"type-product","3":"status-publish","4":"has-post-thumbnail","6":"product_cat-ares-noir-velours-fini-mat","8":"first","9":"instock","10":"shipping-taxable","11":"product-type-simple"},"acf":[],"yoast_head":"<!-- This site is optimized with the Yoast SEO plugin v27.2 - https:\/\/yoast.com\/product\/yoast-seo-wordpress\/ -->\n<title>PORTE-ROULEAU D&#039;EXTRACTION CENTRALE ARES VELOURS NOIR - Dosico<\/title>\n<meta name=\"description\" content=\"Distributeur de papier toilette en plastique ABS 100% recyclable et avec une visi\u00e8re en polycarbonate. ARES DE VELOURS NOIR.\" \/>\n<meta name=\"robots\" content=\"index, follow, max-snippet:-1, max-image-preview:large, max-video-preview:-1\" \/>\n<link rel=\"canonical\" href=\"https:\/\/www.dosico.com\/fr\/producto\/ares-black-velvet-port-de-developpement-extraction-centrale-reference-pp2504\/\" \/>\n<meta property=\"og:locale\" content=\"fr_FR\" \/>\n<meta property=\"og:type\" content=\"article\" \/>\n<meta property=\"og:title\" content=\"PORTE-ROULEAU D&#039;EXTRACTION CENTRALE ARES VELOURS NOIR - Dosico\" \/>\n<meta property=\"og:description\" content=\"Distributeur de papier toilette en plastique ABS 100% recyclable et avec une visi\u00e8re en polycarbonate. ARES DE VELOURS NOIR.\" \/>\n<meta property=\"og:url\" content=\"https:\/\/www.dosico.com\/fr\/producto\/ares-black-velvet-port-de-developpement-extraction-centrale-reference-pp2504\/\" \/>\n<meta property=\"og:site_name\" content=\"Dosico\" \/>\n<meta property=\"article:modified_time\" content=\"2024-11-04T16:15:39+00:00\" \/>\n<meta property=\"og:image\" content=\"https:\/\/www.dosico.com\/wp-content\/uploads\/2022\/09\/RODO-NEGRE-sense-fons-683x1024.png\" \/>\n\t<meta property=\"og:image:width\" content=\"683\" \/>\n\t<meta property=\"og:image:height\" content=\"1024\" \/>\n\t<meta property=\"og:image:type\" content=\"image\/png\" \/>\n<meta name=\"twitter:card\" content=\"summary_large_image\" \/>\n<meta name=\"twitter:label1\" content=\"Dur\u00e9e de lecture estim\u00e9e\" \/>\n\t<meta name=\"twitter:data1\" content=\"1 minute\" \/>\n<script type=\"application\/ld+json\" class=\"yoast-schema-graph\">{\"@context\":\"https:\/\/schema.org\",\"@graph\":[{\"@type\":\"WebPage\",\"@id\":\"https:\/\/www.dosico.com\/fr\/producto\/ares-black-velvet-port-de-developpement-extraction-centrale-reference-pp2504\/\",\"url\":\"https:\/\/www.dosico.com\/fr\/producto\/ares-black-velvet-port-de-developpement-extraction-centrale-reference-pp2504\/\",\"name\":\"PORTE-ROULEAU D'EXTRACTION CENTRALE ARES VELOURS NOIR - Dosico\",\"isPartOf\":{\"@id\":\"https:\/\/www.dosico.com\/#website\"},\"primaryImageOfPage\":{\"@id\":\"https:\/\/www.dosico.com\/fr\/producto\/ares-black-velvet-port-de-developpement-extraction-centrale-reference-pp2504\/#primaryimage\"},\"image\":{\"@id\":\"https:\/\/www.dosico.com\/fr\/producto\/ares-black-velvet-port-de-developpement-extraction-centrale-reference-pp2504\/#primaryimage\"},\"thumbnailUrl\":\"https:\/\/www.dosico.com\/wp-content\/uploads\/2022\/09\/RODO-NEGRE-sense-fons.png\",\"datePublished\":\"2022-09-07T07:43:38+00:00\",\"dateModified\":\"2024-11-04T16:15:39+00:00\",\"description\":\"Distributeur de papier toilette en plastique ABS 100% recyclable et avec une visi\u00e8re en polycarbonate. ARES DE VELOURS NOIR.\",\"breadcrumb\":{\"@id\":\"https:\/\/www.dosico.com\/fr\/producto\/ares-black-velvet-port-de-developpement-extraction-centrale-reference-pp2504\/#breadcrumb\"},\"inLanguage\":\"fr-FR\",\"potentialAction\":[{\"@type\":\"ReadAction\",\"target\":[\"https:\/\/www.dosico.com\/fr\/producto\/ares-black-velvet-port-de-developpement-extraction-centrale-reference-pp2504\/\"]}]},{\"@type\":\"ImageObject\",\"inLanguage\":\"fr-FR\",\"@id\":\"https:\/\/www.dosico.com\/fr\/producto\/ares-black-velvet-port-de-developpement-extraction-centrale-reference-pp2504\/#primaryimage\",\"url\":\"https:\/\/www.dosico.com\/wp-content\/uploads\/2022\/09\/RODO-NEGRE-sense-fons.png\",\"contentUrl\":\"https:\/\/www.dosico.com\/wp-content\/uploads\/2022\/09\/RODO-NEGRE-sense-fons.png\",\"width\":4160,\"height\":6240},{\"@type\":\"BreadcrumbList\",\"@id\":\"https:\/\/www.dosico.com\/fr\/producto\/ares-black-velvet-port-de-developpement-extraction-centrale-reference-pp2504\/#breadcrumb\",\"itemListElement\":[{\"@type\":\"ListItem\",\"position\":1,\"name\":\"Portada\",\"item\":\"https:\/\/www.dosico.com\/\"},{\"@type\":\"ListItem\",\"position\":2,\"name\":\"Productos\",\"item\":\"https:\/\/www.dosico.com\/productos-2\/\"},{\"@type\":\"ListItem\",\"position\":3,\"name\":\"PORTE-ROULEAU D&rsquo;EXTRACTION CENTRALE ARES VELOURS NOIR\"}]},{\"@type\":\"WebSite\",\"@id\":\"https:\/\/www.dosico.com\/#website\",\"url\":\"https:\/\/www.dosico.com\/\",\"name\":\"Dosico\",\"description\":\"Fabricante de dispensadores de ba\u00f1o con m\u00e1s de 50 a\u00f1os en el mercado. A su servicio desde 1969.\",\"publisher\":{\"@id\":\"https:\/\/www.dosico.com\/#organization\"},\"potentialAction\":[{\"@type\":\"SearchAction\",\"target\":{\"@type\":\"EntryPoint\",\"urlTemplate\":\"https:\/\/www.dosico.com\/?s={search_term_string}\"},\"query-input\":{\"@type\":\"PropertyValueSpecification\",\"valueRequired\":true,\"valueName\":\"search_term_string\"}}],\"inLanguage\":\"fr-FR\"},{\"@type\":\"Organization\",\"@id\":\"https:\/\/www.dosico.com\/#organization\",\"name\":\"Dosico\",\"url\":\"https:\/\/www.dosico.com\/\",\"logo\":{\"@type\":\"ImageObject\",\"inLanguage\":\"fr-FR\",\"@id\":\"https:\/\/www.dosico.com\/#\/schema\/logo\/image\/\",\"url\":\"https:\/\/www.dosico.com\/wp-content\/uploads\/2021\/03\/NUEVO-LOGO-_pages-to-jpg-0001-e1684412588621.jpg\",\"contentUrl\":\"https:\/\/www.dosico.com\/wp-content\/uploads\/2021\/03\/NUEVO-LOGO-_pages-to-jpg-0001-e1684412588621.jpg\",\"width\":549,\"height\":313,\"caption\":\"Dosico\"},\"image\":{\"@id\":\"https:\/\/www.dosico.com\/#\/schema\/logo\/image\/\"},\"sameAs\":[\"https:\/\/www.instagram.com\/dosico.es\/\",\"https:\/\/www.youtube.com\/channel\/UCr_3x646VeXQDDu0vgnfK2w\",\"https:\/\/www.linkedin.com\/company\/dosico-s-l\/?viewAsMember=true\"]}]}<\/script>\n<!-- \/ Yoast SEO plugin. -->","yoast_head_json":{"title":"PORTE-ROULEAU D'EXTRACTION CENTRALE ARES VELOURS NOIR - Dosico","description":"Distributeur de papier toilette en plastique ABS 100% recyclable et avec une visi\u00e8re en polycarbonate. ARES DE VELOURS NOIR.","robots":{"index":"index","follow":"follow","max-snippet":"max-snippet:-1","max-image-preview":"max-image-preview:large","max-video-preview":"max-video-preview:-1"},"canonical":"https:\/\/www.dosico.com\/fr\/producto\/ares-black-velvet-port-de-developpement-extraction-centrale-reference-pp2504\/","og_locale":"fr_FR","og_type":"article","og_title":"PORTE-ROULEAU D'EXTRACTION CENTRALE ARES VELOURS NOIR - Dosico","og_description":"Distributeur de papier toilette en plastique ABS 100% recyclable et avec une visi\u00e8re en polycarbonate. ARES DE VELOURS NOIR.","og_url":"https:\/\/www.dosico.com\/fr\/producto\/ares-black-velvet-port-de-developpement-extraction-centrale-reference-pp2504\/","og_site_name":"Dosico","article_modified_time":"2024-11-04T16:15:39+00:00","og_image":[{"width":683,"height":1024,"url":"https:\/\/www.dosico.com\/wp-content\/uploads\/2022\/09\/RODO-NEGRE-sense-fons-683x1024.png","type":"image\/png"}],"twitter_card":"summary_large_image","twitter_misc":{"Dur\u00e9e de lecture estim\u00e9e":"1 minute"},"schema":{"@context":"https:\/\/schema.org","@graph":[{"@type":"WebPage","@id":"https:\/\/www.dosico.com\/fr\/producto\/ares-black-velvet-port-de-developpement-extraction-centrale-reference-pp2504\/","url":"https:\/\/www.dosico.com\/fr\/producto\/ares-black-velvet-port-de-developpement-extraction-centrale-reference-pp2504\/","name":"PORTE-ROULEAU D'EXTRACTION CENTRALE ARES VELOURS NOIR - Dosico","isPartOf":{"@id":"https:\/\/www.dosico.com\/#website"},"primaryImageOfPage":{"@id":"https:\/\/www.dosico.com\/fr\/producto\/ares-black-velvet-port-de-developpement-extraction-centrale-reference-pp2504\/#primaryimage"},"image":{"@id":"https:\/\/www.dosico.com\/fr\/producto\/ares-black-velvet-port-de-developpement-extraction-centrale-reference-pp2504\/#primaryimage"},"thumbnailUrl":"https:\/\/www.dosico.com\/wp-content\/uploads\/2022\/09\/RODO-NEGRE-sense-fons.png","datePublished":"2022-09-07T07:43:38+00:00","dateModified":"2024-11-04T16:15:39+00:00","description":"Distributeur de papier toilette en plastique ABS 100% recyclable et avec une visi\u00e8re en polycarbonate. ARES DE VELOURS NOIR.","breadcrumb":{"@id":"https:\/\/www.dosico.com\/fr\/producto\/ares-black-velvet-port-de-developpement-extraction-centrale-reference-pp2504\/#breadcrumb"},"inLanguage":"fr-FR","potentialAction":[{"@type":"ReadAction","target":["https:\/\/www.dosico.com\/fr\/producto\/ares-black-velvet-port-de-developpement-extraction-centrale-reference-pp2504\/"]}]},{"@type":"ImageObject","inLanguage":"fr-FR","@id":"https:\/\/www.dosico.com\/fr\/producto\/ares-black-velvet-port-de-developpement-extraction-centrale-reference-pp2504\/#primaryimage","url":"https:\/\/www.dosico.com\/wp-content\/uploads\/2022\/09\/RODO-NEGRE-sense-fons.png","contentUrl":"https:\/\/www.dosico.com\/wp-content\/uploads\/2022\/09\/RODO-NEGRE-sense-fons.png","width":4160,"height":6240},{"@type":"BreadcrumbList","@id":"https:\/\/www.dosico.com\/fr\/producto\/ares-black-velvet-port-de-developpement-extraction-centrale-reference-pp2504\/#breadcrumb","itemListElement":[{"@type":"ListItem","position":1,"name":"Portada","item":"https:\/\/www.dosico.com\/"},{"@type":"ListItem","position":2,"name":"Productos","item":"https:\/\/www.dosico.com\/productos-2\/"},{"@type":"ListItem","position":3,"name":"PORTE-ROULEAU D&rsquo;EXTRACTION CENTRALE ARES VELOURS NOIR"}]},{"@type":"WebSite","@id":"https:\/\/www.dosico.com\/#website","url":"https:\/\/www.dosico.com\/","name":"Dosico","description":"Fabricante de dispensadores de ba\u00f1o con m\u00e1s de 50 a\u00f1os en el mercado. A su servicio desde 1969.","publisher":{"@id":"https:\/\/www.dosico.com\/#organization"},"potentialAction":[{"@type":"SearchAction","target":{"@type":"EntryPoint","urlTemplate":"https:\/\/www.dosico.com\/?s={search_term_string}"},"query-input":{"@type":"PropertyValueSpecification","valueRequired":true,"valueName":"search_term_string"}}],"inLanguage":"fr-FR"},{"@type":"Organization","@id":"https:\/\/www.dosico.com\/#organization","name":"Dosico","url":"https:\/\/www.dosico.com\/","logo":{"@type":"ImageObject","inLanguage":"fr-FR","@id":"https:\/\/www.dosico.com\/#\/schema\/logo\/image\/","url":"https:\/\/www.dosico.com\/wp-content\/uploads\/2021\/03\/NUEVO-LOGO-_pages-to-jpg-0001-e1684412588621.jpg","contentUrl":"https:\/\/www.dosico.com\/wp-content\/uploads\/2021\/03\/NUEVO-LOGO-_pages-to-jpg-0001-e1684412588621.jpg","width":549,"height":313,"caption":"Dosico"},"image":{"@id":"https:\/\/www.dosico.com\/#\/schema\/logo\/image\/"},"sameAs":["https:\/\/www.instagram.com\/dosico.es\/","https:\/\/www.youtube.com\/channel\/UCr_3x646VeXQDDu0vgnfK2w","https:\/\/www.linkedin.com\/company\/dosico-s-l\/?viewAsMember=true"]}]}},"_links":{"self":[{"href":"https:\/\/www.dosico.com\/fr\/wp-json\/wp\/v2\/product\/4062","targetHints":{"allow":["GET"]}}],"collection":[{"href":"https:\/\/www.dosico.com\/fr\/wp-json\/wp\/v2\/product"}],"about":[{"href":"https:\/\/www.dosico.com\/fr\/wp-json\/wp\/v2\/types\/product"}],"replies":[{"embeddable":true,"href":"https:\/\/www.dosico.com\/fr\/wp-json\/wp\/v2\/comments?post=4062"}],"wp:featuredmedia":[{"embeddable":true,"href":"https:\/\/www.dosico.com\/fr\/wp-json\/wp\/v2\/media\/4059"}],"wp:attachment":[{"href":"https:\/\/www.dosico.com\/fr\/wp-json\/wp\/v2\/media?parent=4062"}],"wp:term":[{"taxonomy":"product_brand","embeddable":true,"href":"https:\/\/www.dosico.com\/fr\/wp-json\/wp\/v2\/product_brand?post=4062"},{"taxonomy":"product_cat","embeddable":true,"href":"https:\/\/www.dosico.com\/fr\/wp-json\/wp\/v2\/product_cat?post=4062"},{"taxonomy":"product_tag","embeddable":true,"href":"https:\/\/www.dosico.com\/fr\/wp-json\/wp\/v2\/product_tag?post=4062"}],"curies":[{"name":"wp","href":"https:\/\/api.w.org\/{rel}","templated":true}]}}